{"id":9,"date":"2024-07-11T11:56:45","date_gmt":"2024-07-11T14:56:45","guid":{"rendered":"https:\/\/uappi.com.br\/?page_id=9"},"modified":"2026-02-20T21:34:59","modified_gmt":"2026-02-21T00:34:59","slug":"empresa","status":"publish","type":"page","link":"https:\/\/uappi.com.br\/en\/empresa\/","title":{"rendered":"Company"},"content":{"rendered":"","protected":false},"excerpt":{"rendered":"","protected":false},"author":1,"featured_media":0,"parent":0,"menu_order":0,"comment_status":"closed","ping_status":"closed","template":"","meta":{"_acf_changed":false,"footnotes":""},"class_list":["post-9","page","type-page","status-publish","hentry"],"acf":[],"yoast_head":"<!-- This site is optimized with the Yoast SEO plugin v27.3 - https:\/\/yoast.com\/product\/yoast-seo-wordpress\/ -->\n<title>Uappi | Plataforma de E-commerce para Crescimento Sustent\u00e1vel<\/title>\n<meta name=\"description\" content=\"Plataforma de e-commerce preparada para opera\u00e7\u00f5es complexas, integra\u00e7\u00f5es avan\u00e7adas e expans\u00e3o omnichannel.\" \/>\n<meta name=\"robots\" content=\"index, follow, max-snippet:-1, max-image-preview:large, max-video-preview:-1\" \/>\n<link rel=\"canonical\" href=\"https:\/\/uappi.com.br\/en\/empresa\/\" \/>\n<meta property=\"og:locale\" content=\"en_US\" \/>\n<meta property=\"og:type\" content=\"article\" \/>\n<meta property=\"og:title\" content=\"Uappi | Plataforma de E-commerce para Crescimento Sustent\u00e1vel\" \/>\n<meta property=\"og:description\" content=\"Plataforma de e-commerce preparada para opera\u00e7\u00f5es complexas, integra\u00e7\u00f5es avan\u00e7adas e expans\u00e3o omnichannel.\" \/>\n<meta property=\"og:url\" content=\"https:\/\/uappi.com.br\/en\/empresa\/\" \/>\n<meta property=\"og:site_name\" content=\"Uappi\" \/>\n<meta property=\"article:modified_time\" content=\"2026-02-21T00:34:59+00:00\" \/>\n<meta property=\"og:image\" content=\"https:\/\/uappi.com.br\/wp-content\/uploads\/2024\/07\/og.png\" \/>\n\t<meta property=\"og:image:width\" content=\"1200\" \/>\n\t<meta property=\"og:image:height\" content=\"630\" \/>\n\t<meta property=\"og:image:type\" content=\"image\/png\" \/>\n<meta name=\"twitter:card\" content=\"summary_large_image\" \/>\n<script type=\"application\/ld+json\" class=\"yoast-schema-graph\">{\"@context\":\"https:\\\/\\\/schema.org\",\"@graph\":[{\"@type\":\"WebPage\",\"@id\":\"https:\\\/\\\/uappi.com.br\\\/empresa\\\/\",\"url\":\"https:\\\/\\\/uappi.com.br\\\/empresa\\\/\",\"name\":\"Uappi | Plataforma de E-commerce para Crescimento Sustent\u00e1vel\",\"isPartOf\":{\"@id\":\"https:\\\/\\\/uappi.com.br\\\/#website\"},\"datePublished\":\"2024-07-11T14:56:45+00:00\",\"dateModified\":\"2026-02-21T00:34:59+00:00\",\"description\":\"Plataforma de e-commerce preparada para opera\u00e7\u00f5es complexas, integra\u00e7\u00f5es avan\u00e7adas e expans\u00e3o omnichannel.\",\"breadcrumb\":{\"@id\":\"https:\\\/\\\/uappi.com.br\\\/empresa\\\/#breadcrumb\"},\"inLanguage\":\"en-US\",\"potentialAction\":[{\"@type\":\"ReadAction\",\"target\":[\"https:\\\/\\\/uappi.com.br\\\/empresa\\\/\"]}]},{\"@type\":\"BreadcrumbList\",\"@id\":\"https:\\\/\\\/uappi.com.br\\\/empresa\\\/#breadcrumb\",\"itemListElement\":[{\"@type\":\"ListItem\",\"position\":1,\"name\":\"In\u00edcio\",\"item\":\"https:\\\/\\\/uappi.com.br\\\/\"},{\"@type\":\"ListItem\",\"position\":2,\"name\":\"Empresa\"}]},{\"@type\":\"WebSite\",\"@id\":\"https:\\\/\\\/uappi.com.br\\\/#website\",\"url\":\"https:\\\/\\\/uappi.com.br\\\/\",\"name\":\"Uappi\",\"description\":\"Plataforma vers\u00e1til nos modelos, s\u00f3lida nos resultados.\",\"publisher\":{\"@id\":\"https:\\\/\\\/uappi.com.br\\\/#organization\"},\"alternateName\":\"Uappi\",\"potentialAction\":[{\"@type\":\"SearchAction\",\"target\":{\"@type\":\"EntryPoint\",\"urlTemplate\":\"https:\\\/\\\/uappi.com.br\\\/?s={search_term_string}\"},\"query-input\":{\"@type\":\"PropertyValueSpecification\",\"valueRequired\":true,\"valueName\":\"search_term_string\"}}],\"inLanguage\":\"en-US\"},{\"@type\":\"Organization\",\"@id\":\"https:\\\/\\\/uappi.com.br\\\/#organization\",\"name\":\"Uappi\",\"url\":\"https:\\\/\\\/uappi.com.br\\\/\",\"logo\":{\"@type\":\"ImageObject\",\"inLanguage\":\"en-US\",\"@id\":\"https:\\\/\\\/uappi.com.br\\\/#\\\/schema\\\/logo\\\/image\\\/\",\"url\":\"https:\\\/\\\/uappi.com.br\\\/wp-content\\\/uploads\\\/2024\\\/07\\\/og.png\",\"contentUrl\":\"https:\\\/\\\/uappi.com.br\\\/wp-content\\\/uploads\\\/2024\\\/07\\\/og.png\",\"width\":1200,\"height\":630,\"caption\":\"Uappi\"},\"image\":{\"@id\":\"https:\\\/\\\/uappi.com.br\\\/#\\\/schema\\\/logo\\\/image\\\/\"}}]}<\/script>\n<!-- \/ Yoast SEO plugin. -->","yoast_head_json":{"title":"Uappi | Plataforma de E-commerce para Crescimento Sustent\u00e1vel","description":"Plataforma de e-commerce preparada para opera\u00e7\u00f5es complexas, integra\u00e7\u00f5es avan\u00e7adas e expans\u00e3o omnichannel.","robots":{"index":"index","follow":"follow","max-snippet":"max-snippet:-1","max-image-preview":"max-image-preview:large","max-video-preview":"max-video-preview:-1"},"canonical":"https:\/\/uappi.com.br\/en\/empresa\/","og_locale":"en_US","og_type":"article","og_title":"Uappi | Plataforma de E-commerce para Crescimento Sustent\u00e1vel","og_description":"Plataforma de e-commerce preparada para opera\u00e7\u00f5es complexas, integra\u00e7\u00f5es avan\u00e7adas e expans\u00e3o omnichannel.","og_url":"https:\/\/uappi.com.br\/en\/empresa\/","og_site_name":"Uappi","article_modified_time":"2026-02-21T00:34:59+00:00","og_image":[{"width":1200,"height":630,"url":"https:\/\/uappi.com.br\/wp-content\/uploads\/2024\/07\/og.png","type":"image\/png"}],"twitter_card":"summary_large_image","schema":{"@context":"https:\/\/schema.org","@graph":[{"@type":"WebPage","@id":"https:\/\/uappi.com.br\/empresa\/","url":"https:\/\/uappi.com.br\/empresa\/","name":"Uappi | Plataforma de E-commerce para Crescimento Sustent\u00e1vel","isPartOf":{"@id":"https:\/\/uappi.com.br\/#website"},"datePublished":"2024-07-11T14:56:45+00:00","dateModified":"2026-02-21T00:34:59+00:00","description":"Plataforma de e-commerce preparada para opera\u00e7\u00f5es complexas, integra\u00e7\u00f5es avan\u00e7adas e expans\u00e3o omnichannel.","breadcrumb":{"@id":"https:\/\/uappi.com.br\/empresa\/#breadcrumb"},"inLanguage":"en-US","potentialAction":[{"@type":"ReadAction","target":["https:\/\/uappi.com.br\/empresa\/"]}]},{"@type":"BreadcrumbList","@id":"https:\/\/uappi.com.br\/empresa\/#breadcrumb","itemListElement":[{"@type":"ListItem","position":1,"name":"In\u00edcio","item":"https:\/\/uappi.com.br\/"},{"@type":"ListItem","position":2,"name":"Empresa"}]},{"@type":"WebSite","@id":"https:\/\/uappi.com.br\/#website","url":"https:\/\/uappi.com.br\/","name":"Uappi","description":"Plataforma vers\u00e1til nos modelos, s\u00f3lida nos resultados.","publisher":{"@id":"https:\/\/uappi.com.br\/#organization"},"alternateName":"Uappi","potentialAction":[{"@type":"SearchAction","target":{"@type":"EntryPoint","urlTemplate":"https:\/\/uappi.com.br\/?s={search_term_string}"},"query-input":{"@type":"PropertyValueSpecification","valueRequired":true,"valueName":"search_term_string"}}],"inLanguage":"en-US"},{"@type":"Organization","@id":"https:\/\/uappi.com.br\/#organization","name":"Uappi","url":"https:\/\/uappi.com.br\/","logo":{"@type":"ImageObject","inLanguage":"en-US","@id":"https:\/\/uappi.com.br\/#\/schema\/logo\/image\/","url":"https:\/\/uappi.com.br\/wp-content\/uploads\/2024\/07\/og.png","contentUrl":"https:\/\/uappi.com.br\/wp-content\/uploads\/2024\/07\/og.png","width":1200,"height":630,"caption":"Uappi"},"image":{"@id":"https:\/\/uappi.com.br\/#\/schema\/logo\/image\/"}}]}},"_links":{"self":[{"href":"https:\/\/uappi.com.br\/en\/wp-json\/wp\/v2\/pages\/9","targetHints":{"allow":["GET"]}}],"collection":[{"href":"https:\/\/uappi.com.br\/en\/wp-json\/wp\/v2\/pages"}],"about":[{"href":"https:\/\/uappi.com.br\/en\/wp-json\/wp\/v2\/types\/page"}],"author":[{"embeddable":true,"href":"https:\/\/uappi.com.br\/en\/wp-json\/wp\/v2\/users\/1"}],"replies":[{"embeddable":true,"href":"https:\/\/uappi.com.br\/en\/wp-json\/wp\/v2\/comments?post=9"}],"version-history":[{"count":80,"href":"https:\/\/uappi.com.br\/en\/wp-json\/wp\/v2\/pages\/9\/revisions"}],"predecessor-version":[{"id":2495,"href":"https:\/\/uappi.com.br\/en\/wp-json\/wp\/v2\/pages\/9\/revisions\/2495"}],"wp:attachment":[{"href":"https:\/\/uappi.com.br\/en\/wp-json\/wp\/v2\/media?parent=9"}],"curies":[{"name":"wp","href":"https:\/\/api.w.org\/{rel}","templated":true}]}}