{"id":3,"date":"2024-07-11T11:27:46","date_gmt":"2024-07-11T14:27:46","guid":{"rendered":"https:\/\/uappi.com.br\/?page_id=3"},"modified":"2025-10-30T10:14:06","modified_gmt":"2025-10-30T13:14:06","slug":"privacidade","status":"publish","type":"page","link":"https:\/\/uappi.com.br\/es\/privacidade\/","title":{"rendered":"Pol\u00edtica de privacidad"},"content":{"rendered":"<h1>Pol\u00edtica de privacidad<\/h1>\n<p>Esta Pol\u00edtica de Privacidad pretende ayudarle a entender c\u00f3mo utilizamos, compartimos y protegemos la informaci\u00f3n de nuestro software. Por ello, es importante que la lea detenidamente.<\/p>\n<p>Los softwares uappi\u00ae y well.commerce\u00ae son de propiedad exclusiva de WSTORE TECNOLOGIA S.A., registrada en el CNPJ bajo el n\u00ba 10.831.068\/0001-76, con sede en Rua Nilo Pe\u00e7anha, n\u00ba 507 - salas 9 e 10 - Centro, en la ciudad de Birigui, estado de S\u00e3o Paulo.<\/p>\n<p>WSTORE TECNOLOGIA S.A. est\u00e1 comprometida con la seguridad y privacidad de la informaci\u00f3n de sus usuarios, garantizando que la informaci\u00f3n almacenada estar\u00e1 protegida y no ser\u00e1 publicada o comercializada bajo ninguna circunstancia, es decir, su informaci\u00f3n estar\u00e1 segura con nosotros y no ser\u00e1 transmitida indebidamente a terceros. La seguridad de sus datos es muy importante para nosotros, por lo que se han adoptado las medidas t\u00e9cnicas y organizativas conforme a la normativa establecida para la seguridad de los datos de car\u00e1cter personal para evitar su tratamiento no autorizado o il\u00edcito, as\u00ed como contra su p\u00e9rdida, destrucci\u00f3n, robo, deterioro, alteraci\u00f3n, manipulaci\u00f3n o interceptaci\u00f3n y\/o revelaci\u00f3n accidental, habida cuenta de la naturaleza de los datos almacenados y los riesgos a que est\u00e1n expuestos.<\/p>\n<p>El sistema cuenta con protecci\u00f3n de encriptaci\u00f3n de datos para las contrase\u00f1as de los usuarios. El usuario es consciente de que el software recopila sus datos personales para promover y hacer operativa la transacci\u00f3n de pedidos entre el consumidor y el comerciante.<\/p>\n<p>Nuestra empresa asume el compromiso y la responsabilidad de respetar y observar la Ley General de Protecci\u00f3n de Datos (Ley n\u00ba 13.709\/18) y dem\u00e1s leyes aplicables, garantizando y salvaguardando su derecho a la privacidad.<\/p>\n<p>En esta pol\u00edtica de privacidad (\"Pol\u00edtica\"), le informamos (\"Usuario\") de forma clara y transparente sobre los medios de recogida, uso, fines y tratamiento de sus datos personales.<\/p>\n<p>Los datos personales de los clientes del Usuario ser\u00e1n tratados por WSTORE TECNOLOGIA S.A., que se define como Encargado del Tratamiento (\"operador de datos\"), y el Usuario como Responsable del Tratamiento, de conformidad con la Ley 13.709\/18 General de Protecci\u00f3n de Datos (en adelante, \"LGPD\") y la legislaci\u00f3n aplicable en materia de protecci\u00f3n de datos de car\u00e1cter personal.<\/p>\n<h2>Sobre la recogida de datos personales<\/h2>\n<p>Los datos personales son cualquier informaci\u00f3n relativa a personas que puedan ser identificadas, directa o indirectamente, a trav\u00e9s de informaci\u00f3n como: nombre, CPF, funci\u00f3n o cargo, datos de localizaci\u00f3n, direcci\u00f3n de correo electr\u00f3nico, direcci\u00f3n IP, n\u00famero de tel\u00e9fono m\u00f3vil, whatsapp.<\/p>\n<p>Los datos solicitados al usuario en nuestro software son:<\/p>\n<ol>\n<li>a) Comerciante: nombre, direcci\u00f3n de correo electr\u00f3nico y n\u00famero de tel\u00e9fono;<\/li>\n<li>b) Consumidor: Nombre, direcci\u00f3n de correo electr\u00f3nico, n\u00famero de la seguridad social, n\u00famero de tel\u00e9fono, direcci\u00f3n completa y productos adquiridos.<\/li>\n<\/ol>\n<h2>Finalidad y tratamiento de los datos personales recogidos<\/h2>\n<p>Los datos personales pueden utilizarse para ponerse en contacto con el usuario con el fin de ofrecerle productos\/servicios de su inter\u00e9s y que est\u00e9n directamente relacionados con el uso de este software.<\/p>\n<p>Adem\u00e1s de los datos personales introducidos, el software puede recoger datos por otros medios, como las cookies. Cualquier uso de cookies u otras herramientas de seguimiento por parte de la aplicaci\u00f3n sirve para identificar a los usuarios y recordar sus preferencias, con el \u00fanico fin de prestarles los servicios que requieran.<\/p>\n<p>Los datos de los consumidores tambi\u00e9n pueden ser compartidos con terceros por nuestro software para cumplir con la finalidad de su herramienta, que es la venta online, por lo que datos como nombre, CPF, direcci\u00f3n completa, tel\u00e9fono, correo electr\u00f3nico y producto adquirido pueden ser compartidos con terceras empresas como: ERPs para la emisi\u00f3n de facturas, transportistas para la log\u00edstica, herramientas antifraude para el an\u00e1lisis del fraude, CRMs para la relaci\u00f3n con el cliente y otras herramientas que el comercio integre a trav\u00e9s de nuestra API e informe en sus pol\u00edticas comerciales y pol\u00edticas de privacidad.<\/p>\n<h2>Almacenamiento internacional de datos<\/h2>\n<p>Dado que Internet es un entorno global, algunos servicios pueden exigirle que transfiera sus datos a otros pa\u00edses.<\/p>\n<p>Los datos recogidos ser\u00e1n almacenados en servidores ubicados fuera del pa\u00eds, pudiendo utilizar otros recursos y servicios en la nube, lo que posibilita la transferencia y tratamiento de los datos en el exterior, pero ser\u00e1n rigurosamente tratados de acuerdo con el art\u00edculo 33 de la LGPD (Ley General de Protecci\u00f3n de Datos) y dem\u00e1s legislaci\u00f3n internacional, manteniendo los mismos est\u00e1ndares de seguridad y privacidad que en Brasil.<\/p>\n<p>Tomamos todas las medidas de seguridad de acuerdo con nuestras pol\u00edticas y adoptamos cl\u00e1usulas est\u00e1ndar en los contratos con estos proveedores de servicios, que est\u00e1n debidamente certificados, con c\u00f3digos de conducta de privacidad compatibles con Brasil, y s\u00f3lo con pa\u00edses que proporcionan un alto grado de protecci\u00f3n, como exige la ley;<\/p>\n<p>Al navegar por nuestros sitios web, apps y comprar en nuestras tiendas, aceptas el tratamiento de tu informaci\u00f3n, incluidas la transferencia internacional y el almacenamiento de tus datos. Tomamos medidas para garantizar que toda la informaci\u00f3n que recopilamos se trata de forma segura, de conformidad con las normas de protecci\u00f3n de datos y de acuerdo con la presente Pol\u00edtica de privacidad.<\/p>\n<h2>Acceso a datos personales a trav\u00e9s de nuestro software<\/h2>\n<p>Es responsabilidad de los usuarios de nuestro software utilizar estos datos para gestionar las operaciones de comercio electr\u00f3nico para las que est\u00e1 destinado el software, as\u00ed como utilizar estos datos de buena fe, sin poner en peligro la privacidad del consumidor, y asumir la responsabilidad de cualquier da\u00f1o causado como resultado del uso indebido de esta informaci\u00f3n.<\/p>\n<p>Los usuarios de nuestro software (tenderos) tienen acceso a los datos personales del consumidor registrado en el software, pero son conscientes de que cualquier visualizaci\u00f3n, adici\u00f3n, alteraci\u00f3n, supresi\u00f3n o exportaci\u00f3n de datos personales quedar\u00e1 registrada en registros dentro del software y podr\u00e1 ser consultada por niveles jer\u00e1rquicos superiores de la empresa.<\/p>\n<h2>Pol\u00edtica de cookies<\/h2>\n<p>Las cookies son sistemas utilizados en determinados sitios web que almacenan informaci\u00f3n cuando usted los visita, como la ubicaci\u00f3n de acceso, n\u00famero de visitas, idioma, direcci\u00f3n IP, entre otros. Esto permite al sitio ofrecer m\u00e9tricas e investigaciones sobre los usuarios.<\/p>\n<p>Cuando visita nuestro sitio, programas como Google Analytics, facebook, hotjar, navegg y otros insertan una \"cookie\" en su navegador para identificar cu\u00e1ntas veces vuelve a nuestra direcci\u00f3n. Se recopila de forma an\u00f3nima informaci\u00f3n como la direcci\u00f3n IP, la ubicaci\u00f3n geogr\u00e1fica, el sexo, el grupo de edad, la fuente de referencia, el tipo de navegador, la duraci\u00f3n de la visita y las p\u00e1ginas visitadas.<\/p>\n<p>Las cookies pueden dividirse seg\u00fan la informaci\u00f3n que almacenan y su finalidad:<\/p>\n<ol>\n<li>Cookies necesarias: Son imprescindibles para que el software se cargue correctamente y puedas navegar con normalidad, as\u00ed como hacer uso de todas las funcionalidades disponibles.<\/li>\n<li>Cookies de rendimiento: ayudan a comprender c\u00f3mo interact\u00faan los visitantes con el software, proporcionando informaci\u00f3n sobre las \u00e1reas visitadas, el tiempo de visita al sitio y cualquier problema encontrado, como mensajes de error.<\/li>\n<li>Cookies funcionales: permiten que el sitio recuerde sus elecciones para ofrecerle una experiencia personalizada. Permiten a los usuarios ver v\u00eddeos, utilizar herramientas sociales, campos de comentarios, foros, etc.<\/li>\n<li>Cookies de marketing: Se utilizan para ofrecer contenidos m\u00e1s relevantes y de inter\u00e9s para los Usuarios. Pueden utilizarse para presentar publicidad m\u00e1s espec\u00edfica o para limitar el n\u00famero de anuncios que se muestran, as\u00ed como para medir la eficacia de una campa\u00f1a publicitaria que se haya puesto en marcha.<\/li>\n<\/ol>\n<h2>Relaciones con los usuarios<\/h2>\n<p>Al proporcionar su direcci\u00f3n de correo electr\u00f3nico, con el consentimiento informado, para registrarse en el software, el usuario ser\u00e1 a\u00f1adido a la lista de clientes para el env\u00edo de mensajes con informaci\u00f3n comercial, formaci\u00f3n o promociones que se relacionan espec\u00edficamente con el producto \/ servicio ofrecido.<\/p>\n<p>Los datos personales recogidos podr\u00e1n ser compartidos con herramientas de terceros a efectos de comunicaciones de marketing, promociones y descuentos, a petici\u00f3n del Responsable del tratamiento.<\/p>\n<p>Los datos personales de los usuarios podr\u00e1n ser utilizados con fines legales cuando as\u00ed lo exijan los tribunales o cuando sea necesario para entablar una posible acci\u00f3n legal derivada del uso indebido de este servicio o de servicios relacionados. Tambi\u00e9n podr\u00e1 revelar datos personales a petici\u00f3n de las autoridades p\u00fablicas o para cumplir una obligaci\u00f3n legal.<\/p>\n<p>Los datos personales pueden compartirse para establecer, ejercer o defender nuestros derechos legales, incluido el suministro de informaci\u00f3n a terceros con fines de prevenci\u00f3n del fraude y reducci\u00f3n del riesgo de cr\u00e9dito.<\/p>\n<p>Este software y cualquier servicio de terceros pueden recopilar archivos que registren la interacci\u00f3n con este sitio (logs, registro del sistema) u otros datos personales, como la direcci\u00f3n IP (direcci\u00f3n de protocolo de Internet que identifica a un ordenador) o ID (identidad) del usuario, para el mantenimiento del dispositivo o cualquier otra forma de operaci\u00f3n que sea necesaria para su actualizaci\u00f3n y funcionamiento.<\/p>\n<p>Los datos recogidos ser\u00e1n tratados por tiempo indefinido, siendo posible la supresi\u00f3n y validaci\u00f3n de la titularidad previa solicitud al responsable del tratamiento, salvo que exista una base legal v\u00e1lida y espec\u00edfica para mantener determinada informaci\u00f3n, de acuerdo con la Ley General de Protecci\u00f3n de Datos.<\/p>\n<h2><strong>El responsable de la protecci\u00f3n de datos<\/strong><\/h2>\n<p>Puede ponerse en contacto con nosotros a trav\u00e9s del responsable de la protecci\u00f3n de datos (RPD):<\/p>\n<p>Nome: William Silva da Costa<\/p>\n<p>E-mail: william@uappi.com.br<\/p>\n<p>En caso de violaci\u00f3n o incidente de seguridad que pueda suponer un riesgo o da\u00f1o significativo para los interesados, se notificar\u00e1 a la Autoridad Nacional de Protecci\u00f3n de Datos (ANPD), al responsable del tratamiento y al interesado de conformidad con el Plan de Respuesta a Incidentes.<\/p>\n<h2><strong>Derechos del interesado<\/strong><\/h2>\n<p>En cumplimiento de lo dispuesto en el art\u00edculo 18 de la Ley 13.709\/2018, el titular de los datos personales recogidos por el responsable del tratamiento a trav\u00e9s de esta aplicaci\u00f3n podr\u00e1 obtener en cualquier momento y previa solicitud:<\/p>\n<p>I - Confirmaci\u00f3n de la existencia de tratamiento;<\/p>\n<p>II - Acceso a los datos;<\/p>\n<p>III - Correcci\u00f3n de datos incompletos, inexactos u obsoletos;<\/p>\n<p>IV - Anonimizaci\u00f3n, bloqueo o supresi\u00f3n de datos innecesarios o excesivos, o tratados infringiendo la legislaci\u00f3n vigente;<\/p>\n<p>V - Portabilidad de los datos a otro proveedor de servicios o productos, previa solicitud expresa y salvaguardando los secretos comerciales e industriales, de acuerdo con la normativa de los organismos competentes;<\/p>\n<p>VI. Supresi\u00f3n de los datos personales tratados con el consentimiento del interesado, salvo en los supuestos previstos en el art\u00edculo 16 de la Ley 13709\/2018;<\/p>\n<p>VII - Informaci\u00f3n sobre organismos p\u00fablicos y privados con los que el responsable del tratamiento ha compartido datos;<\/p>\n<p>VIII - Informaci\u00f3n sobre la posibilidad de no dar el consentimiento y las consecuencias de negarse;<\/p>\n<p>IX - Revocaci\u00f3n del consentimiento, conforme al \u00a75 del art. 8 de la Ley 13\/709\/2018.<\/p>\n<h2><strong>Cancelaci\u00f3n y supresi\u00f3n de datos personales<\/strong><\/h2>\n<p>Siempre puede optar por dejar de recibir cualquier tipo de correo electr\u00f3nico de WSTORE TECNOLOGIA S.A. marcando la casilla \"Darse de baja\" en los correos electr\u00f3nicos que reciba para que la actividad pueda ser finalizada por la organizaci\u00f3n. Para modificar su informaci\u00f3n personal o incluso eliminarla de nuestra base de datos, s\u00f3lo tiene que enviar una solicitud por correo electr\u00f3nico al Responsable de Protecci\u00f3n de Datos (RPD).<\/p>\n<h2><strong>Cambios en la pol\u00edtica de privacidad<\/strong><\/h2>\n<p>La Pol\u00edtica de Privacidad aqu\u00ed establecida tiene vigencia indefinida. WSTORE TECNOLOGIA S.A. se reserva el derecho de modificar estos documentos en cualquier momento, especialmente para adecuarlos mejor a la legislaci\u00f3n vigente y para adaptarlos a la evoluci\u00f3n de los servicios, ya sea poniendo a disposici\u00f3n nuevas funcionalidades o suprimiendo o modificando las ya existentes, lo que se har\u00e1 notific\u00e1ndolo a los usuarios en esta p\u00e1gina y requiriendo su nuevo consentimiento. Cualquier modificaci\u00f3n y\/o actualizaci\u00f3n de estas condiciones entrar\u00e1 en vigor a partir de la fecha de su publicaci\u00f3n en esta p\u00e1gina y deber\u00e1 ser observada por los Usuarios.<\/p>\n<p>La presente Pol\u00edtica de Privacidad podr\u00e1 ser modificada en cualquier momento, lo que se har\u00e1 notific\u00e1ndolo a los usuarios en esta p\u00e1gina y requiri\u00e9ndoles un nuevo consentimiento. Se recomienda consultar con frecuencia la Pol\u00edtica de Privacidad.<\/p>\n<p>En caso de disconformidad con alguna de las modificaciones, el usuario deber\u00e1 dejar de utilizar este servicio solicitando la supresi\u00f3n de sus datos personales, dirigi\u00e9ndose al Responsable del Tratamiento.<\/p>\n<h2><strong>Disposiciones finales y consentimiento libre e informado<\/strong><\/h2>\n<p>Consciente de todas las posibles implicaciones que se derivar\u00e1n del tratamiento de sus datos personales, al pulsar ACEPTAR el usuario estar\u00e1 prestando su consentimiento libre e informado para el tratamiento de sus datos personales en atenci\u00f3n a las finalidades espec\u00edficas recogidas en la presente Pol\u00edtica de Privacidad.<\/p>\n<p>La presente Pol\u00edtica de Privacidad ha sido elaborada de conformidad con lo dispuesto en la Ley General de Protecci\u00f3n de Datos Personales - Ley n\u00ba 13.709\/2018.<\/p>","protected":false},"excerpt":{"rendered":"<p>Pol\u00edtica de Privacidade A presente Pol\u00edtica de Privacidade destina-se a ajudar o usu\u00e1rio a entender como n\u00f3s usamos, compartilhamos e protegemos as informa\u00e7\u00f5es em nossos softwares. Assim, \u00e9 importante que o usu\u00e1rio leia com aten\u00e7\u00e3o. Os softwares da uappi\u00ae e well.commerce\u00ae s\u00e3o de propriedade exclusiva da WSTORE TECNOLOGIA S.A., inscrita no CNPJ sob o n\u00ba&#8230;<\/p>","protected":false},"author":1,"featured_media":0,"parent":0,"menu_order":0,"comment_status":"closed","ping_status":"closed","template":"","meta":{"_acf_changed":false,"footnotes":""},"class_list":["post-3","page","type-page","status-publish","hentry"],"acf":[],"yoast_head":"<!-- This site is optimized with the Yoast SEO plugin v27.3 - https:\/\/yoast.com\/product\/yoast-seo-wordpress\/ -->\n<title>Pol\u00edtica de privacidade Uappi | Compromisso com seus dados<\/title>\n<meta name=\"description\" content=\"Conhe\u00e7a nossa pol\u00edtica de privacidade e entenda como protegemos seus dados pessoais com responsabilidade e transpar\u00eancia.\" \/>\n<meta name=\"robots\" content=\"index, follow, max-snippet:-1, max-image-preview:large, max-video-preview:-1\" \/>\n<link rel=\"canonical\" href=\"https:\/\/uappi.com.br\/es\/privacidade\/\" \/>\n<meta property=\"og:locale\" content=\"es_ES\" \/>\n<meta property=\"og:type\" content=\"article\" \/>\n<meta property=\"og:title\" content=\"Pol\u00edtica de privacidade Uappi | Compromisso com seus dados\" \/>\n<meta property=\"og:description\" content=\"Conhe\u00e7a nossa pol\u00edtica de privacidade e entenda como protegemos seus dados pessoais com responsabilidade e transpar\u00eancia.\" \/>\n<meta property=\"og:url\" content=\"https:\/\/uappi.com.br\/es\/privacidade\/\" \/>\n<meta property=\"og:site_name\" content=\"Uappi\" \/>\n<meta property=\"article:modified_time\" content=\"2025-10-30T13:14:06+00:00\" \/>\n<meta property=\"og:image\" content=\"https:\/\/uappi.com.br\/wp-content\/uploads\/2024\/07\/og.png\" \/>\n\t<meta property=\"og:image:width\" content=\"1200\" \/>\n\t<meta property=\"og:image:height\" content=\"630\" \/>\n\t<meta property=\"og:image:type\" content=\"image\/png\" \/>\n<meta name=\"twitter:card\" content=\"summary_large_image\" \/>\n<meta name=\"twitter:label1\" content=\"Tiempo de lectura\" \/>\n\t<meta name=\"twitter:data1\" content=\"11 minutos\" \/>\n<script type=\"application\/ld+json\" class=\"yoast-schema-graph\">{\"@context\":\"https:\\\/\\\/schema.org\",\"@graph\":[{\"@type\":\"WebPage\",\"@id\":\"https:\\\/\\\/uappi.com.br\\\/privacidade\\\/\",\"url\":\"https:\\\/\\\/uappi.com.br\\\/privacidade\\\/\",\"name\":\"Pol\u00edtica de privacidade Uappi | Compromisso com seus dados\",\"isPartOf\":{\"@id\":\"https:\\\/\\\/uappi.com.br\\\/#website\"},\"datePublished\":\"2024-07-11T14:27:46+00:00\",\"dateModified\":\"2025-10-30T13:14:06+00:00\",\"description\":\"Conhe\u00e7a nossa pol\u00edtica de privacidade e entenda como protegemos seus dados pessoais com responsabilidade e transpar\u00eancia.\",\"breadcrumb\":{\"@id\":\"https:\\\/\\\/uappi.com.br\\\/privacidade\\\/#breadcrumb\"},\"inLanguage\":\"es\",\"potentialAction\":[{\"@type\":\"ReadAction\",\"target\":[\"https:\\\/\\\/uappi.com.br\\\/privacidade\\\/\"]}]},{\"@type\":\"BreadcrumbList\",\"@id\":\"https:\\\/\\\/uappi.com.br\\\/privacidade\\\/#breadcrumb\",\"itemListElement\":[{\"@type\":\"ListItem\",\"position\":1,\"name\":\"In\u00edcio\",\"item\":\"https:\\\/\\\/uappi.com.br\\\/\"},{\"@type\":\"ListItem\",\"position\":2,\"name\":\"Pol\u00edtica de privacidade\"}]},{\"@type\":\"WebSite\",\"@id\":\"https:\\\/\\\/uappi.com.br\\\/#website\",\"url\":\"https:\\\/\\\/uappi.com.br\\\/\",\"name\":\"Uappi\",\"description\":\"Plataforma vers\u00e1til nos modelos, s\u00f3lida nos resultados.\",\"publisher\":{\"@id\":\"https:\\\/\\\/uappi.com.br\\\/#organization\"},\"alternateName\":\"Uappi\",\"potentialAction\":[{\"@type\":\"SearchAction\",\"target\":{\"@type\":\"EntryPoint\",\"urlTemplate\":\"https:\\\/\\\/uappi.com.br\\\/?s={search_term_string}\"},\"query-input\":{\"@type\":\"PropertyValueSpecification\",\"valueRequired\":true,\"valueName\":\"search_term_string\"}}],\"inLanguage\":\"es\"},{\"@type\":\"Organization\",\"@id\":\"https:\\\/\\\/uappi.com.br\\\/#organization\",\"name\":\"Uappi\",\"url\":\"https:\\\/\\\/uappi.com.br\\\/\",\"logo\":{\"@type\":\"ImageObject\",\"inLanguage\":\"es\",\"@id\":\"https:\\\/\\\/uappi.com.br\\\/#\\\/schema\\\/logo\\\/image\\\/\",\"url\":\"https:\\\/\\\/uappi.com.br\\\/wp-content\\\/uploads\\\/2024\\\/07\\\/og.png\",\"contentUrl\":\"https:\\\/\\\/uappi.com.br\\\/wp-content\\\/uploads\\\/2024\\\/07\\\/og.png\",\"width\":1200,\"height\":630,\"caption\":\"Uappi\"},\"image\":{\"@id\":\"https:\\\/\\\/uappi.com.br\\\/#\\\/schema\\\/logo\\\/image\\\/\"}}]}<\/script>\n<!-- \/ Yoast SEO plugin. -->","yoast_head_json":{"title":"Pol\u00edtica de privacidade Uappi | Compromisso com seus dados","description":"Conhe\u00e7a nossa pol\u00edtica de privacidade e entenda como protegemos seus dados pessoais com responsabilidade e transpar\u00eancia.","robots":{"index":"index","follow":"follow","max-snippet":"max-snippet:-1","max-image-preview":"max-image-preview:large","max-video-preview":"max-video-preview:-1"},"canonical":"https:\/\/uappi.com.br\/es\/privacidade\/","og_locale":"es_ES","og_type":"article","og_title":"Pol\u00edtica de privacidade Uappi | Compromisso com seus dados","og_description":"Conhe\u00e7a nossa pol\u00edtica de privacidade e entenda como protegemos seus dados pessoais com responsabilidade e transpar\u00eancia.","og_url":"https:\/\/uappi.com.br\/es\/privacidade\/","og_site_name":"Uappi","article_modified_time":"2025-10-30T13:14:06+00:00","og_image":[{"width":1200,"height":630,"url":"https:\/\/uappi.com.br\/wp-content\/uploads\/2024\/07\/og.png","type":"image\/png"}],"twitter_card":"summary_large_image","twitter_misc":{"Tiempo de lectura":"11 minutos"},"schema":{"@context":"https:\/\/schema.org","@graph":[{"@type":"WebPage","@id":"https:\/\/uappi.com.br\/privacidade\/","url":"https:\/\/uappi.com.br\/privacidade\/","name":"Pol\u00edtica de privacidade Uappi | Compromisso com seus dados","isPartOf":{"@id":"https:\/\/uappi.com.br\/#website"},"datePublished":"2024-07-11T14:27:46+00:00","dateModified":"2025-10-30T13:14:06+00:00","description":"Conhe\u00e7a nossa pol\u00edtica de privacidade e entenda como protegemos seus dados pessoais com responsabilidade e transpar\u00eancia.","breadcrumb":{"@id":"https:\/\/uappi.com.br\/privacidade\/#breadcrumb"},"inLanguage":"es","potentialAction":[{"@type":"ReadAction","target":["https:\/\/uappi.com.br\/privacidade\/"]}]},{"@type":"BreadcrumbList","@id":"https:\/\/uappi.com.br\/privacidade\/#breadcrumb","itemListElement":[{"@type":"ListItem","position":1,"name":"In\u00edcio","item":"https:\/\/uappi.com.br\/"},{"@type":"ListItem","position":2,"name":"Pol\u00edtica de privacidade"}]},{"@type":"WebSite","@id":"https:\/\/uappi.com.br\/#website","url":"https:\/\/uappi.com.br\/","name":"Uappi","description":"Plataforma vers\u00e1til nos modelos, s\u00f3lida nos resultados.","publisher":{"@id":"https:\/\/uappi.com.br\/#organization"},"alternateName":"Uappi","potentialAction":[{"@type":"SearchAction","target":{"@type":"EntryPoint","urlTemplate":"https:\/\/uappi.com.br\/?s={search_term_string}"},"query-input":{"@type":"PropertyValueSpecification","valueRequired":true,"valueName":"search_term_string"}}],"inLanguage":"es"},{"@type":"Organization","@id":"https:\/\/uappi.com.br\/#organization","name":"Uappi","url":"https:\/\/uappi.com.br\/","logo":{"@type":"ImageObject","inLanguage":"es","@id":"https:\/\/uappi.com.br\/#\/schema\/logo\/image\/","url":"https:\/\/uappi.com.br\/wp-content\/uploads\/2024\/07\/og.png","contentUrl":"https:\/\/uappi.com.br\/wp-content\/uploads\/2024\/07\/og.png","width":1200,"height":630,"caption":"Uappi"},"image":{"@id":"https:\/\/uappi.com.br\/#\/schema\/logo\/image\/"}}]}},"_links":{"self":[{"href":"https:\/\/uappi.com.br\/es\/wp-json\/wp\/v2\/pages\/3","targetHints":{"allow":["GET"]}}],"collection":[{"href":"https:\/\/uappi.com.br\/es\/wp-json\/wp\/v2\/pages"}],"about":[{"href":"https:\/\/uappi.com.br\/es\/wp-json\/wp\/v2\/types\/page"}],"author":[{"embeddable":true,"href":"https:\/\/uappi.com.br\/es\/wp-json\/wp\/v2\/users\/1"}],"replies":[{"embeddable":true,"href":"https:\/\/uappi.com.br\/es\/wp-json\/wp\/v2\/comments?post=3"}],"version-history":[{"count":11,"href":"https:\/\/uappi.com.br\/es\/wp-json\/wp\/v2\/pages\/3\/revisions"}],"predecessor-version":[{"id":2057,"href":"https:\/\/uappi.com.br\/es\/wp-json\/wp\/v2\/pages\/3\/revisions\/2057"}],"wp:attachment":[{"href":"https:\/\/uappi.com.br\/es\/wp-json\/wp\/v2\/media?parent=3"}],"curies":[{"name":"wp","href":"https:\/\/api.w.org\/{rel}","templated":true}]}}