{"id":366,"date":"2024-07-25T15:16:52","date_gmt":"2024-07-25T18:16:52","guid":{"rendered":"https:\/\/uappi.com.br\/?page_id=366"},"modified":"2026-02-20T20:36:22","modified_gmt":"2026-02-20T23:36:22","slug":"collab","status":"publish","type":"page","link":"https:\/\/uappi.com.br\/es\/collab\/","title":{"rendered":"Colaboraci\u00f3n"},"content":{"rendered":"","protected":false},"excerpt":{"rendered":"","protected":false},"author":1,"featured_media":1160,"parent":0,"menu_order":0,"comment_status":"closed","ping_status":"closed","template":"","meta":{"_acf_changed":false,"footnotes":""},"class_list":["post-366","page","type-page","status-publish","has-post-thumbnail","hentry"],"acf":[],"yoast_head":"<!-- This site is optimized with the Yoast SEO plugin v27.3 - https:\/\/yoast.com\/product\/yoast-seo-wordpress\/ -->\n<title>Uappi | Collab: Programa de Parcerias para Ag\u00eancias<\/title>\n<meta name=\"description\" content=\"Conhe\u00e7a o programa de parcerias da Uappi para ag\u00eancias de e-commerce. Certifica\u00e7\u00e3o, receita recorrente e projetos B2B, B2C e B2B2C.\" \/>\n<meta name=\"robots\" content=\"index, follow, max-snippet:-1, max-image-preview:large, max-video-preview:-1\" \/>\n<link rel=\"canonical\" href=\"https:\/\/uappi.com.br\/es\/collab\/\" \/>\n<meta property=\"og:locale\" content=\"es_ES\" \/>\n<meta property=\"og:type\" content=\"article\" \/>\n<meta property=\"og:title\" content=\"Uappi | Collab: Programa de Parcerias para Ag\u00eancias\" \/>\n<meta property=\"og:description\" content=\"Conhe\u00e7a o programa de parcerias da Uappi para ag\u00eancias de e-commerce. Certifica\u00e7\u00e3o, receita recorrente e projetos B2B, B2C e B2B2C.\" \/>\n<meta property=\"og:url\" content=\"https:\/\/uappi.com.br\/es\/collab\/\" \/>\n<meta property=\"og:site_name\" content=\"Uappi\" \/>\n<meta property=\"article:modified_time\" content=\"2026-02-20T23:36:22+00:00\" \/>\n<meta property=\"og:image\" content=\"https:\/\/uappi.com.br\/wp-content\/uploads\/2025\/02\/collab.jpg\" \/>\n\t<meta property=\"og:image:width\" content=\"1024\" \/>\n\t<meta property=\"og:image:height\" content=\"682\" \/>\n\t<meta property=\"og:image:type\" content=\"image\/jpeg\" \/>\n<meta name=\"twitter:card\" content=\"summary_large_image\" \/>\n<meta name=\"twitter:label1\" content=\"Tiempo de lectura\" \/>\n\t<meta name=\"twitter:data1\" content=\"1 minuto\" \/>\n<script type=\"application\/ld+json\" class=\"yoast-schema-graph\">{\"@context\":\"https:\\\/\\\/schema.org\",\"@graph\":[{\"@type\":\"WebPage\",\"@id\":\"https:\\\/\\\/uappi.com.br\\\/collab\\\/\",\"url\":\"https:\\\/\\\/uappi.com.br\\\/collab\\\/\",\"name\":\"Uappi | Collab: Programa de Parcerias para Ag\u00eancias\",\"isPartOf\":{\"@id\":\"https:\\\/\\\/uappi.com.br\\\/#website\"},\"primaryImageOfPage\":{\"@id\":\"https:\\\/\\\/uappi.com.br\\\/collab\\\/#primaryimage\"},\"image\":{\"@id\":\"https:\\\/\\\/uappi.com.br\\\/collab\\\/#primaryimage\"},\"thumbnailUrl\":\"https:\\\/\\\/uappi.com.br\\\/wp-content\\\/uploads\\\/2025\\\/02\\\/collab.jpg\",\"datePublished\":\"2024-07-25T18:16:52+00:00\",\"dateModified\":\"2026-02-20T23:36:22+00:00\",\"description\":\"Conhe\u00e7a o programa de parcerias da Uappi para ag\u00eancias de e-commerce. Certifica\u00e7\u00e3o, receita recorrente e projetos B2B, B2C e B2B2C.\",\"breadcrumb\":{\"@id\":\"https:\\\/\\\/uappi.com.br\\\/collab\\\/#breadcrumb\"},\"inLanguage\":\"es\",\"potentialAction\":[{\"@type\":\"ReadAction\",\"target\":[\"https:\\\/\\\/uappi.com.br\\\/collab\\\/\"]}]},{\"@type\":\"ImageObject\",\"inLanguage\":\"es\",\"@id\":\"https:\\\/\\\/uappi.com.br\\\/collab\\\/#primaryimage\",\"url\":\"https:\\\/\\\/uappi.com.br\\\/wp-content\\\/uploads\\\/2025\\\/02\\\/collab.jpg\",\"contentUrl\":\"https:\\\/\\\/uappi.com.br\\\/wp-content\\\/uploads\\\/2025\\\/02\\\/collab.jpg\",\"width\":1024,\"height\":682},{\"@type\":\"BreadcrumbList\",\"@id\":\"https:\\\/\\\/uappi.com.br\\\/collab\\\/#breadcrumb\",\"itemListElement\":[{\"@type\":\"ListItem\",\"position\":1,\"name\":\"In\u00edcio\",\"item\":\"https:\\\/\\\/uappi.com.br\\\/\"},{\"@type\":\"ListItem\",\"position\":2,\"name\":\"Collab\"}]},{\"@type\":\"WebSite\",\"@id\":\"https:\\\/\\\/uappi.com.br\\\/#website\",\"url\":\"https:\\\/\\\/uappi.com.br\\\/\",\"name\":\"Uappi\",\"description\":\"Plataforma vers\u00e1til nos modelos, s\u00f3lida nos resultados.\",\"publisher\":{\"@id\":\"https:\\\/\\\/uappi.com.br\\\/#organization\"},\"alternateName\":\"Uappi\",\"potentialAction\":[{\"@type\":\"SearchAction\",\"target\":{\"@type\":\"EntryPoint\",\"urlTemplate\":\"https:\\\/\\\/uappi.com.br\\\/?s={search_term_string}\"},\"query-input\":{\"@type\":\"PropertyValueSpecification\",\"valueRequired\":true,\"valueName\":\"search_term_string\"}}],\"inLanguage\":\"es\"},{\"@type\":\"Organization\",\"@id\":\"https:\\\/\\\/uappi.com.br\\\/#organization\",\"name\":\"Uappi\",\"url\":\"https:\\\/\\\/uappi.com.br\\\/\",\"logo\":{\"@type\":\"ImageObject\",\"inLanguage\":\"es\",\"@id\":\"https:\\\/\\\/uappi.com.br\\\/#\\\/schema\\\/logo\\\/image\\\/\",\"url\":\"https:\\\/\\\/uappi.com.br\\\/wp-content\\\/uploads\\\/2024\\\/07\\\/og.png\",\"contentUrl\":\"https:\\\/\\\/uappi.com.br\\\/wp-content\\\/uploads\\\/2024\\\/07\\\/og.png\",\"width\":1200,\"height\":630,\"caption\":\"Uappi\"},\"image\":{\"@id\":\"https:\\\/\\\/uappi.com.br\\\/#\\\/schema\\\/logo\\\/image\\\/\"}}]}<\/script>\n<!-- \/ Yoast SEO plugin. -->","yoast_head_json":{"title":"Uappi | Collab: Programa de Parcerias para Ag\u00eancias","description":"Conhe\u00e7a o programa de parcerias da Uappi para ag\u00eancias de e-commerce. Certifica\u00e7\u00e3o, receita recorrente e projetos B2B, B2C e B2B2C.","robots":{"index":"index","follow":"follow","max-snippet":"max-snippet:-1","max-image-preview":"max-image-preview:large","max-video-preview":"max-video-preview:-1"},"canonical":"https:\/\/uappi.com.br\/es\/collab\/","og_locale":"es_ES","og_type":"article","og_title":"Uappi | Collab: Programa de Parcerias para Ag\u00eancias","og_description":"Conhe\u00e7a o programa de parcerias da Uappi para ag\u00eancias de e-commerce. Certifica\u00e7\u00e3o, receita recorrente e projetos B2B, B2C e B2B2C.","og_url":"https:\/\/uappi.com.br\/es\/collab\/","og_site_name":"Uappi","article_modified_time":"2026-02-20T23:36:22+00:00","og_image":[{"width":1024,"height":682,"url":"https:\/\/uappi.com.br\/wp-content\/uploads\/2025\/02\/collab.jpg","type":"image\/jpeg"}],"twitter_card":"summary_large_image","twitter_misc":{"Tiempo de lectura":"1 minuto"},"schema":{"@context":"https:\/\/schema.org","@graph":[{"@type":"WebPage","@id":"https:\/\/uappi.com.br\/collab\/","url":"https:\/\/uappi.com.br\/collab\/","name":"Uappi | Collab: Programa de Parcerias para Ag\u00eancias","isPartOf":{"@id":"https:\/\/uappi.com.br\/#website"},"primaryImageOfPage":{"@id":"https:\/\/uappi.com.br\/collab\/#primaryimage"},"image":{"@id":"https:\/\/uappi.com.br\/collab\/#primaryimage"},"thumbnailUrl":"https:\/\/uappi.com.br\/wp-content\/uploads\/2025\/02\/collab.jpg","datePublished":"2024-07-25T18:16:52+00:00","dateModified":"2026-02-20T23:36:22+00:00","description":"Conhe\u00e7a o programa de parcerias da Uappi para ag\u00eancias de e-commerce. Certifica\u00e7\u00e3o, receita recorrente e projetos B2B, B2C e B2B2C.","breadcrumb":{"@id":"https:\/\/uappi.com.br\/collab\/#breadcrumb"},"inLanguage":"es","potentialAction":[{"@type":"ReadAction","target":["https:\/\/uappi.com.br\/collab\/"]}]},{"@type":"ImageObject","inLanguage":"es","@id":"https:\/\/uappi.com.br\/collab\/#primaryimage","url":"https:\/\/uappi.com.br\/wp-content\/uploads\/2025\/02\/collab.jpg","contentUrl":"https:\/\/uappi.com.br\/wp-content\/uploads\/2025\/02\/collab.jpg","width":1024,"height":682},{"@type":"BreadcrumbList","@id":"https:\/\/uappi.com.br\/collab\/#breadcrumb","itemListElement":[{"@type":"ListItem","position":1,"name":"In\u00edcio","item":"https:\/\/uappi.com.br\/"},{"@type":"ListItem","position":2,"name":"Collab"}]},{"@type":"WebSite","@id":"https:\/\/uappi.com.br\/#website","url":"https:\/\/uappi.com.br\/","name":"Uappi","description":"Plataforma vers\u00e1til nos modelos, s\u00f3lida nos resultados.","publisher":{"@id":"https:\/\/uappi.com.br\/#organization"},"alternateName":"Uappi","potentialAction":[{"@type":"SearchAction","target":{"@type":"EntryPoint","urlTemplate":"https:\/\/uappi.com.br\/?s={search_term_string}"},"query-input":{"@type":"PropertyValueSpecification","valueRequired":true,"valueName":"search_term_string"}}],"inLanguage":"es"},{"@type":"Organization","@id":"https:\/\/uappi.com.br\/#organization","name":"Uappi","url":"https:\/\/uappi.com.br\/","logo":{"@type":"ImageObject","inLanguage":"es","@id":"https:\/\/uappi.com.br\/#\/schema\/logo\/image\/","url":"https:\/\/uappi.com.br\/wp-content\/uploads\/2024\/07\/og.png","contentUrl":"https:\/\/uappi.com.br\/wp-content\/uploads\/2024\/07\/og.png","width":1200,"height":630,"caption":"Uappi"},"image":{"@id":"https:\/\/uappi.com.br\/#\/schema\/logo\/image\/"}}]}},"_links":{"self":[{"href":"https:\/\/uappi.com.br\/es\/wp-json\/wp\/v2\/pages\/366","targetHints":{"allow":["GET"]}}],"collection":[{"href":"https:\/\/uappi.com.br\/es\/wp-json\/wp\/v2\/pages"}],"about":[{"href":"https:\/\/uappi.com.br\/es\/wp-json\/wp\/v2\/types\/page"}],"author":[{"embeddable":true,"href":"https:\/\/uappi.com.br\/es\/wp-json\/wp\/v2\/users\/1"}],"replies":[{"embeddable":true,"href":"https:\/\/uappi.com.br\/es\/wp-json\/wp\/v2\/comments?post=366"}],"version-history":[{"count":25,"href":"https:\/\/uappi.com.br\/es\/wp-json\/wp\/v2\/pages\/366\/revisions"}],"predecessor-version":[{"id":2480,"href":"https:\/\/uappi.com.br\/es\/wp-json\/wp\/v2\/pages\/366\/revisions\/2480"}],"wp:featuredmedia":[{"embeddable":true,"href":"https:\/\/uappi.com.br\/es\/wp-json\/wp\/v2\/media\/1160"}],"wp:attachment":[{"href":"https:\/\/uappi.com.br\/es\/wp-json\/wp\/v2\/media?parent=366"}],"curies":[{"name":"wp","href":"https:\/\/api.w.org\/{rel}","templated":true}]}}