{"id":3,"date":"2024-07-11T11:27:46","date_gmt":"2024-07-11T14:27:46","guid":{"rendered":"https:\/\/uappi.com.br\/?page_id=3"},"modified":"2025-10-30T10:14:06","modified_gmt":"2025-10-30T13:14:06","slug":"privacidade","status":"publish","type":"page","link":"https:\/\/uappi.com.br\/it\/privacidade\/","title":{"rendered":"Informativa sulla privacy"},"content":{"rendered":"<h1>Informativa sulla privacy<\/h1>\n<p>La presente Informativa sulla privacy ha lo scopo di aiutarvi a capire come utilizziamo, condividiamo e proteggiamo le informazioni contenute nel nostro software. \u00c8 quindi importante che l'utente la legga attentamente.<\/p>\n<p>I software uappi\u00ae e well.commerce\u00ae sono di propriet\u00e0 esclusiva di WSTORE TECNOLOGIA S.A., registrata presso la CNPJ al n. 10.831.068\/0001-76, con sede in Rua Nilo Pe\u00e7anha, n. 507 - salas 9 e 10 - Centro, nella citt\u00e0 di Birigui, stato di San Paolo.<\/p>\n<p>WSTORE TECNOLOGIA S.A. si impegna a garantire la sicurezza e la privacy delle informazioni dei propri utenti, garantendo che le informazioni memorizzate saranno protette e non saranno pubblicate o commercializzate in nessun caso, vale a dire che le vostre informazioni saranno al sicuro con noi e non saranno trasmesse indebitamente a terzi. La sicurezza dei vostri dati \u00e8 molto importante per noi, ed \u00e8 per questo che sono state adottate misure tecniche e organizzative in conformit\u00e0 con le norme stabilite per la sicurezza dei dati personali, al fine di prevenire trattamenti non autorizzati o illegali, e contro qualsiasi perdita accidentale, distruzione, furto, danno, alterazione, manipolazione o intercettazione e\/o divulgazione, in considerazione della natura dei dati memorizzati e dei rischi a cui sono esposti.<\/p>\n<p>Il sistema dispone di una protezione di crittografia dei dati per le password degli utenti. L'utente \u00e8 consapevole che il software raccoglie i dati personali degli utenti per promuovere e rendere operativa la transazione degli ordini tra consumatore e negoziante.<\/p>\n<p>La nostra azienda si assume l'impegno e la responsabilit\u00e0 di rispettare e osservare la Legge Generale sulla Protezione dei Dati (Legge n. 13.709\/18) e le altre leggi applicabili, garantendo e salvaguardando il vostro diritto alla privacy.<\/p>\n<p>Nella presente informativa sulla privacy (\"Informativa\"), informiamo l'utente (\"Utente\") in modo chiaro e trasparente sulle modalit\u00e0 di raccolta, utilizzo, finalit\u00e0 ed elaborazione dei suoi dati personali.<\/p>\n<p>I dati personali dei clienti dell'Utente saranno trattati da WSTORE TECNOLOGIA S.A., che definisce il Responsabile del trattamento dei dati (\"gestore dei dati\"), e l'Utente il Titolare del trattamento dei dati, in conformit\u00e0 con la Legge generale sulla protezione dei dati n. 13.709\/18 (di seguito \"LGPD\") e la legislazione applicabile in materia di protezione dei dati personali.<\/p>\n<h2>Informazioni sulla raccolta dei dati personali<\/h2>\n<p>I dati personali sono tutte le informazioni relative a persone che possono essere identificate, direttamente o indirettamente, attraverso informazioni quali: nome, CPF, funzione o posizione, dati di localizzazione, indirizzo e-mail, indirizzo IP, numero di cellulare, whatsapp.<\/p>\n<p>I dati richiesti all'utente nel nostro software sono:<\/p>\n<ol>\n<li>a) Negoziante: nome, indirizzo e-mail e numero di telefono;<\/li>\n<li>b) Consumatore: nome, indirizzo e-mail, numero di previdenza sociale, numero di telefono, indirizzo completo e prodotti acquistati.<\/li>\n<\/ol>\n<h2>Finalit\u00e0 e trattamento dei dati personali raccolti<\/h2>\n<p>I dati personali possono essere utilizzati per contattare l'utente al fine di offrire prodotti\/servizi di interesse per l'utente e che sono direttamente collegati all'uso di questo software.<\/p>\n<p>Oltre ai dati personali inseriti, il software pu\u00f2 raccogliere dati con altri mezzi, come i cookie. L'uso di cookie o di altri strumenti di tracciamento da parte dell'applicazione serve a identificare gli utenti e a ricordare le loro preferenze, al solo scopo di fornire i servizi richiesti.<\/p>\n<p>I dati dei consumatori possono anche essere condivisi con terze parti dal nostro software per adempiere allo scopo del suo strumento, che \u00e8 la vendita online, quindi dati come nome, CPF, indirizzo completo, numero di telefono, indirizzo e-mail e prodotto acquistato possono essere condivisi con societ\u00e0 terze come: ERP per l'emissione di fatture, vettori per la logistica, strumenti antifrode per l'analisi delle frodi, CRM per le relazioni con i clienti e altri strumenti che il rivenditore integra attraverso le nostre API e informa nelle sue politiche commerciali e di privacy.<\/p>\n<h2>Archiviazione internazionale dei dati<\/h2>\n<p>Poich\u00e9 Internet \u00e8 un ambiente globale, alcuni servizi possono richiedere il trasferimento dei dati in altri Paesi.<\/p>\n<p>I dati raccolti saranno archiviati su server situati al di fuori del Paese e potranno utilizzare altre risorse e servizi in cloud, il che rende possibile il trasferimento e il trattamento dei dati all'estero. Tuttavia, i dati saranno trattati rigorosamente in conformit\u00e0 all'articolo 33 della LGPD (Legge generale sulla protezione dei dati) e ad altre normative internazionali, mantenendo gli stessi standard di sicurezza e privacy del Brasile.<\/p>\n<p>Adottiamo tutte le misure di sicurezza in conformit\u00e0 con le nostre politiche e adottiamo clausole standard nei contratti con questi fornitori di servizi, che sono debitamente certificati, con codici di condotta sulla privacy compatibili con il Brasile e solo con paesi che forniscono un alto grado di protezione, come richiesto dalla legge;<\/p>\n<p>Navigando sui nostri siti web, sulle nostre app e facendo acquisti nei nostri negozi, acconsentite al trattamento delle vostre informazioni, compreso il trasferimento e l'archiviazione internazionale dei vostri dati. Ci impegniamo a garantire che tutte le informazioni raccolte siano trattate in modo sicuro, in conformit\u00e0 con gli standard di protezione dei dati e in conformit\u00e0 con la presente Informativa sulla privacy.<\/p>\n<h2>Accesso ai dati personali attraverso il nostro software<\/h2>\n<p>\u00c8 responsabilit\u00e0 degli utenti del nostro software utilizzare questi dati per gestire le operazioni di commercio elettronico a cui il software \u00e8 destinato, nonch\u00e9 utilizzare questi dati in buona fede, senza mettere a rischio la privacy dei consumatori, e assumersi la responsabilit\u00e0 di eventuali danni causati dall'uso improprio di queste informazioni.<\/p>\n<p>Gli utenti del nostro software (negozianti) hanno accesso ai dati personali del consumatore registrato nel software, ma sono consapevoli che qualsiasi visualizzazione, aggiunta, modifica, cancellazione o esportazione di dati personali sar\u00e0 registrata nei log all'interno del software e potr\u00e0 essere consultata dai livelli gerarchici superiori dell'azienda.<\/p>\n<h2>Politica sui cookie<\/h2>\n<p>I cookie sono sistemi utilizzati in alcuni siti web che memorizzano informazioni quando l'utente li visita, come ad esempio il luogo di accesso, il numero di visite, la lingua, l'indirizzo IP, tra gli altri. Ci\u00f2 consente al sito di fornire metriche e ricerche sugli utenti.<\/p>\n<p>Quando visitate il nostro software, un \"cookie\" viene inserito nel vostro browser da software come Google Analytics, Facebook, Hotjar, navegg e altri per identificare quante volte tornate al nostro indirizzo. Informazioni come l'indirizzo IP, la posizione geografica, il sesso, la fascia d'et\u00e0, la fonte di riferimento, il tipo di browser, la durata della visita e le pagine visitate vengono raccolte in forma anonima.<\/p>\n<p>I cookie possono essere suddivisi in base alle informazioni che memorizzano e al loro scopo:<\/p>\n<ol>\n<li>Cookie necessari: Sono essenziali per il corretto caricamento del software e per consentire all'utente di navigare normalmente, nonch\u00e9 di utilizzare tutte le funzionalit\u00e0 disponibili.<\/li>\n<li>Cookie di prestazione: aiutano a capire come i visitatori interagiscono con il software, fornendo informazioni sulle aree visitate, sul tempo trascorso a visitare il sito e su eventuali problemi riscontrati, come ad esempio i messaggi di errore.<\/li>\n<li>Cookie funzionali: consentono al sito di ricordare le scelte dell'utente per fornire un'esperienza personalizzata. Consentono agli utenti di guardare video, utilizzare strumenti sociali, campi per i commenti, forum, ecc.<\/li>\n<li>Cookie di marketing: vengono utilizzati per fornire contenuti pi\u00f9 pertinenti e interessanti per gli utenti. Possono essere utilizzati per presentare pubblicit\u00e0 pi\u00f9 mirate o per limitare il numero di annunci visualizzati, nonch\u00e9 per misurare l'efficacia di una campagna pubblicitaria lanciata.<\/li>\n<\/ol>\n<h2>Relazioni con gli utenti<\/h2>\n<p>Fornendo il proprio indirizzo e-mail, con consenso informato, per la registrazione al software, l'utente verr\u00e0 inserito nella lista clienti per l'invio di messaggi con informazioni commerciali, formazione o promozioni che riguardano specificamente il prodotto\/servizio offerto.<\/p>\n<p>I dati personali raccolti potranno essere condivisi con strumenti di terze parti ai fini di comunicazioni di marketing, promozioni e sconti, su richiesta del Titolare.<\/p>\n<p>I dati personali degli utenti possono essere utilizzati per scopi legali quando richiesti in tribunale o quando necessario per presentare un'eventuale azione legale derivante dall'uso improprio di questo servizio o dei servizi correlati. Pu\u00f2 inoltre divulgare i dati personali su richiesta delle autorit\u00e0 pubbliche o per adempiere a un obbligo legale.<\/p>\n<p>I dati personali possono essere condivisi per stabilire, esercitare o difendere i nostri diritti legali, compresa la fornitura di informazioni a terzi ai fini della prevenzione delle frodi e della riduzione del rischio di credito.<\/p>\n<p>Questo software ed eventuali servizi di terze parti possono raccogliere file che registrano l'interazione con questo sito (log, registro di sistema) o altri dati personali, come l'indirizzo IP dell'utente (indirizzo di protocollo internet che identifica un computer) o l'ID (identit\u00e0), per la manutenzione del dispositivo o qualsiasi altra forma di operazione necessaria per il suo aggiornamento e funzionamento.<\/p>\n<p>I dati raccolti saranno trattati per un periodo di tempo indefinito, e la cancellazione e la convalida della propriet\u00e0 \u00e8 possibile su richiesta al titolare del trattamento, a meno che non esista una base giuridica valida e specifica per il mantenimento di determinate informazioni, in conformit\u00e0 con la legge generale sulla protezione dei dati.<\/p>\n<h2><strong>Il responsabile della protezione dei dati<\/strong><\/h2>\n<p>Possiamo essere contattati tramite il responsabile della protezione dei dati (DPO):<\/p>\n<p>Nome: William Silva da Costa<\/p>\n<p>E-mail: william@uappi.com.br<\/p>\n<p>In caso di violazione o di incidente di sicurezza che potrebbe comportare un rischio o un danno significativo per gli interessati, l'Autorit\u00e0 nazionale per la protezione dei dati (ANPD), il responsabile del trattamento e l'interessato saranno informati in conformit\u00e0 al piano di risposta agli incidenti.<\/p>\n<h2><strong>Diritti dell'interessato<\/strong><\/h2>\n<p>Ai sensi dell'articolo 18 della Legge 13.709\/2018, il titolare dei dati personali raccolti dal titolare del trattamento tramite questa applicazione pu\u00f2 ottenere in qualsiasi momento e su richiesta:<\/p>\n<p>I - Conferma dell'esistenza del trattamento;<\/p>\n<p>II - Accesso ai dati;<\/p>\n<p>III - Correzione di dati incompleti, inesatti o non aggiornati;<\/p>\n<p>IV - Anonimizzazione, blocco o cancellazione dei dati inutili o eccessivi, o trattati in violazione della normativa vigente;<\/p>\n<p>V - Portabilit\u00e0 dei dati ad un altro fornitore di servizi o prodotti, su espressa richiesta e salvaguardando i segreti commerciali e industriali, in conformit\u00e0 alle disposizioni degli organi competenti;<\/p>\n<p>VI - Cancellazione dei dati personali trattati con il consenso dell'interessato, salvo i casi previsti dall'articolo 16 della legge 13709\/2018;<\/p>\n<p>VII - Informazioni sulle organizzazioni pubbliche e private con cui il responsabile del trattamento ha condiviso i dati;<\/p>\n<p>VIII - Informazioni sulla possibilit\u00e0 di non dare il consenso e sulle conseguenze del rifiuto;<\/p>\n<p>IX - Revoca del consenso, ai sensi del \u00a75 dell'art. 8 della Legge 13\/709\/2018.<\/p>\n<h2><strong>Cancellazione dei dati personali<\/strong><\/h2>\n<p>\u00c8 sempre possibile rinunciare a ricevere qualsiasi tipo di e-mail da WSTORE TECNOLOGIA S.A. selezionando la casella \"Unsubscribe\" nelle e-mail ricevute, in modo che l'attivit\u00e0 possa essere interrotta dall'organizzazione. Per modificare i propri dati personali o addirittura cancellarli dal nostro database, \u00e8 sufficiente inviare una richiesta via e-mail al Responsabile della protezione dei dati (DPO).<\/p>\n<h2><strong>Modifiche all'Informativa sulla privacy<\/strong><\/h2>\n<p>L'Informativa sulla Privacy qui stabilita \u00e8 valida a tempo indeterminato. WSTORE TECNOLOGIA S.A. si riserva il diritto di modificare questi documenti in qualsiasi momento, in particolare per meglio adattarli alla legislazione vigente e per adeguarli all'evoluzione dei servizi, sia rendendo disponibili nuove funzionalit\u00e0, sia sopprimendo o modificando quelle gi\u00e0 esistenti, cosa che avverr\u00e0 avvisando gli utenti su questa pagina e richiedendo il loro nuovo consenso. Eventuali modifiche e\/o aggiornamenti dei presenti termini avranno effetto dalla data di pubblicazione su questo sito e dovranno essere rispettati dagli Utenti.<\/p>\n<p>La presente Informativa sulla privacy pu\u00f2 essere modificata in qualsiasi momento, con una notifica agli utenti su questa pagina e la richiesta di un nuovo consenso. Si raccomanda di consultare frequentemente l'Informativa sulla privacy.<\/p>\n<p>In caso di disaccordo con una qualsiasi delle modifiche, l'utente dovr\u00e0 interrompere l'utilizzo del servizio richiedendo la cancellazione dei propri dati personali, contattando il responsabile del trattamento dei dati.<\/p>\n<h2><strong>Disposizioni finali e consenso libero e informato<\/strong><\/h2>\n<p>Consapevole di tutte le possibili implicazioni che deriveranno dal trattamento dei suoi dati personali, cliccando su ACCETTA l'utente fornir\u00e0 il suo consenso libero e informato al trattamento dei suoi dati personali in vista delle finalit\u00e0 specifiche contenute nella presente Informativa sulla privacy.<\/p>\n<p>La presente Informativa sulla privacy \u00e8 stata redatta in conformit\u00e0 alle disposizioni della Legge generale sulla protezione dei dati personali - Legge n. 13.709\/2018.<\/p>","protected":false},"excerpt":{"rendered":"<p>Pol\u00edtica de Privacidade A presente Pol\u00edtica de Privacidade destina-se a ajudar o usu\u00e1rio a entender como n\u00f3s usamos, compartilhamos e protegemos as informa\u00e7\u00f5es em nossos softwares. Assim, \u00e9 importante que o usu\u00e1rio leia com aten\u00e7\u00e3o. Os softwares da uappi\u00ae e well.commerce\u00ae s\u00e3o de propriedade exclusiva da WSTORE TECNOLOGIA S.A., inscrita no CNPJ sob o n\u00ba&#8230;<\/p>","protected":false},"author":1,"featured_media":0,"parent":0,"menu_order":0,"comment_status":"closed","ping_status":"closed","template":"","meta":{"_acf_changed":false,"footnotes":""},"class_list":["post-3","page","type-page","status-publish","hentry"],"acf":[],"yoast_head":"<!-- This site is optimized with the Yoast SEO plugin v27.4 - https:\/\/yoast.com\/product\/yoast-seo-wordpress\/ -->\n<title>Pol\u00edtica de privacidade Uappi | Compromisso com seus dados<\/title>\n<meta name=\"description\" content=\"Conhe\u00e7a nossa pol\u00edtica de privacidade e entenda como protegemos seus dados pessoais com responsabilidade e transpar\u00eancia.\" \/>\n<meta name=\"robots\" content=\"index, follow, max-snippet:-1, max-image-preview:large, max-video-preview:-1\" \/>\n<link rel=\"canonical\" href=\"https:\/\/uappi.com.br\/it\/privacidade\/\" \/>\n<meta property=\"og:locale\" content=\"it_IT\" \/>\n<meta property=\"og:type\" content=\"article\" \/>\n<meta property=\"og:title\" content=\"Pol\u00edtica de privacidade Uappi | Compromisso com seus dados\" \/>\n<meta property=\"og:description\" content=\"Conhe\u00e7a nossa pol\u00edtica de privacidade e entenda como protegemos seus dados pessoais com responsabilidade e transpar\u00eancia.\" \/>\n<meta property=\"og:url\" content=\"https:\/\/uappi.com.br\/it\/privacidade\/\" \/>\n<meta property=\"og:site_name\" content=\"Uappi\" \/>\n<meta property=\"article:modified_time\" content=\"2025-10-30T13:14:06+00:00\" \/>\n<meta property=\"og:image\" content=\"https:\/\/uappi.com.br\/wp-content\/uploads\/2024\/07\/og.png\" \/>\n\t<meta property=\"og:image:width\" content=\"1200\" \/>\n\t<meta property=\"og:image:height\" content=\"630\" \/>\n\t<meta property=\"og:image:type\" content=\"image\/png\" \/>\n<meta name=\"twitter:card\" content=\"summary_large_image\" \/>\n<meta name=\"twitter:label1\" content=\"Tempo di lettura stimato\" \/>\n\t<meta name=\"twitter:data1\" content=\"11 minuti\" \/>\n<script type=\"application\/ld+json\" class=\"yoast-schema-graph\">{\"@context\":\"https:\\\/\\\/schema.org\",\"@graph\":[{\"@type\":\"WebPage\",\"@id\":\"https:\\\/\\\/uappi.com.br\\\/privacidade\\\/\",\"url\":\"https:\\\/\\\/uappi.com.br\\\/privacidade\\\/\",\"name\":\"Pol\u00edtica de privacidade Uappi | Compromisso com seus dados\",\"isPartOf\":{\"@id\":\"https:\\\/\\\/uappi.com.br\\\/#website\"},\"datePublished\":\"2024-07-11T14:27:46+00:00\",\"dateModified\":\"2025-10-30T13:14:06+00:00\",\"description\":\"Conhe\u00e7a nossa pol\u00edtica de privacidade e entenda como protegemos seus dados pessoais com responsabilidade e transpar\u00eancia.\",\"breadcrumb\":{\"@id\":\"https:\\\/\\\/uappi.com.br\\\/privacidade\\\/#breadcrumb\"},\"inLanguage\":\"it-IT\",\"potentialAction\":[{\"@type\":\"ReadAction\",\"target\":[\"https:\\\/\\\/uappi.com.br\\\/privacidade\\\/\"]}]},{\"@type\":\"BreadcrumbList\",\"@id\":\"https:\\\/\\\/uappi.com.br\\\/privacidade\\\/#breadcrumb\",\"itemListElement\":[{\"@type\":\"ListItem\",\"position\":1,\"name\":\"In\u00edcio\",\"item\":\"https:\\\/\\\/uappi.com.br\\\/\"},{\"@type\":\"ListItem\",\"position\":2,\"name\":\"Pol\u00edtica de privacidade\"}]},{\"@type\":\"WebSite\",\"@id\":\"https:\\\/\\\/uappi.com.br\\\/#website\",\"url\":\"https:\\\/\\\/uappi.com.br\\\/\",\"name\":\"Uappi\",\"description\":\"Plataforma vers\u00e1til nos modelos, s\u00f3lida nos resultados.\",\"publisher\":{\"@id\":\"https:\\\/\\\/uappi.com.br\\\/#organization\"},\"alternateName\":\"Uappi\",\"potentialAction\":[{\"@type\":\"SearchAction\",\"target\":{\"@type\":\"EntryPoint\",\"urlTemplate\":\"https:\\\/\\\/uappi.com.br\\\/?s={search_term_string}\"},\"query-input\":{\"@type\":\"PropertyValueSpecification\",\"valueRequired\":true,\"valueName\":\"search_term_string\"}}],\"inLanguage\":\"it-IT\"},{\"@type\":\"Organization\",\"@id\":\"https:\\\/\\\/uappi.com.br\\\/#organization\",\"name\":\"Uappi\",\"url\":\"https:\\\/\\\/uappi.com.br\\\/\",\"logo\":{\"@type\":\"ImageObject\",\"inLanguage\":\"it-IT\",\"@id\":\"https:\\\/\\\/uappi.com.br\\\/#\\\/schema\\\/logo\\\/image\\\/\",\"url\":\"https:\\\/\\\/uappi.com.br\\\/wp-content\\\/uploads\\\/2024\\\/07\\\/og.png\",\"contentUrl\":\"https:\\\/\\\/uappi.com.br\\\/wp-content\\\/uploads\\\/2024\\\/07\\\/og.png\",\"width\":1200,\"height\":630,\"caption\":\"Uappi\"},\"image\":{\"@id\":\"https:\\\/\\\/uappi.com.br\\\/#\\\/schema\\\/logo\\\/image\\\/\"}}]}<\/script>\n<!-- \/ Yoast SEO plugin. -->","yoast_head_json":{"title":"Pol\u00edtica de privacidade Uappi | Compromisso com seus dados","description":"Conhe\u00e7a nossa pol\u00edtica de privacidade e entenda como protegemos seus dados pessoais com responsabilidade e transpar\u00eancia.","robots":{"index":"index","follow":"follow","max-snippet":"max-snippet:-1","max-image-preview":"max-image-preview:large","max-video-preview":"max-video-preview:-1"},"canonical":"https:\/\/uappi.com.br\/it\/privacidade\/","og_locale":"it_IT","og_type":"article","og_title":"Pol\u00edtica de privacidade Uappi | Compromisso com seus dados","og_description":"Conhe\u00e7a nossa pol\u00edtica de privacidade e entenda como protegemos seus dados pessoais com responsabilidade e transpar\u00eancia.","og_url":"https:\/\/uappi.com.br\/it\/privacidade\/","og_site_name":"Uappi","article_modified_time":"2025-10-30T13:14:06+00:00","og_image":[{"width":1200,"height":630,"url":"https:\/\/uappi.com.br\/wp-content\/uploads\/2024\/07\/og.png","type":"image\/png"}],"twitter_card":"summary_large_image","twitter_misc":{"Tempo di lettura stimato":"11 minuti"},"schema":{"@context":"https:\/\/schema.org","@graph":[{"@type":"WebPage","@id":"https:\/\/uappi.com.br\/privacidade\/","url":"https:\/\/uappi.com.br\/privacidade\/","name":"Pol\u00edtica de privacidade Uappi | Compromisso com seus dados","isPartOf":{"@id":"https:\/\/uappi.com.br\/#website"},"datePublished":"2024-07-11T14:27:46+00:00","dateModified":"2025-10-30T13:14:06+00:00","description":"Conhe\u00e7a nossa pol\u00edtica de privacidade e entenda como protegemos seus dados pessoais com responsabilidade e transpar\u00eancia.","breadcrumb":{"@id":"https:\/\/uappi.com.br\/privacidade\/#breadcrumb"},"inLanguage":"it-IT","potentialAction":[{"@type":"ReadAction","target":["https:\/\/uappi.com.br\/privacidade\/"]}]},{"@type":"BreadcrumbList","@id":"https:\/\/uappi.com.br\/privacidade\/#breadcrumb","itemListElement":[{"@type":"ListItem","position":1,"name":"In\u00edcio","item":"https:\/\/uappi.com.br\/"},{"@type":"ListItem","position":2,"name":"Pol\u00edtica de privacidade"}]},{"@type":"WebSite","@id":"https:\/\/uappi.com.br\/#website","url":"https:\/\/uappi.com.br\/","name":"Uappi","description":"Plataforma vers\u00e1til nos modelos, s\u00f3lida nos resultados.","publisher":{"@id":"https:\/\/uappi.com.br\/#organization"},"alternateName":"Uappi","potentialAction":[{"@type":"SearchAction","target":{"@type":"EntryPoint","urlTemplate":"https:\/\/uappi.com.br\/?s={search_term_string}"},"query-input":{"@type":"PropertyValueSpecification","valueRequired":true,"valueName":"search_term_string"}}],"inLanguage":"it-IT"},{"@type":"Organization","@id":"https:\/\/uappi.com.br\/#organization","name":"Uappi","url":"https:\/\/uappi.com.br\/","logo":{"@type":"ImageObject","inLanguage":"it-IT","@id":"https:\/\/uappi.com.br\/#\/schema\/logo\/image\/","url":"https:\/\/uappi.com.br\/wp-content\/uploads\/2024\/07\/og.png","contentUrl":"https:\/\/uappi.com.br\/wp-content\/uploads\/2024\/07\/og.png","width":1200,"height":630,"caption":"Uappi"},"image":{"@id":"https:\/\/uappi.com.br\/#\/schema\/logo\/image\/"}}]}},"_links":{"self":[{"href":"https:\/\/uappi.com.br\/it\/wp-json\/wp\/v2\/pages\/3","targetHints":{"allow":["GET"]}}],"collection":[{"href":"https:\/\/uappi.com.br\/it\/wp-json\/wp\/v2\/pages"}],"about":[{"href":"https:\/\/uappi.com.br\/it\/wp-json\/wp\/v2\/types\/page"}],"author":[{"embeddable":true,"href":"https:\/\/uappi.com.br\/it\/wp-json\/wp\/v2\/users\/1"}],"replies":[{"embeddable":true,"href":"https:\/\/uappi.com.br\/it\/wp-json\/wp\/v2\/comments?post=3"}],"version-history":[{"count":11,"href":"https:\/\/uappi.com.br\/it\/wp-json\/wp\/v2\/pages\/3\/revisions"}],"predecessor-version":[{"id":2057,"href":"https:\/\/uappi.com.br\/it\/wp-json\/wp\/v2\/pages\/3\/revisions\/2057"}],"wp:attachment":[{"href":"https:\/\/uappi.com.br\/it\/wp-json\/wp\/v2\/media?parent=3"}],"curies":[{"name":"wp","href":"https:\/\/api.w.org\/{rel}","templated":true}]}}