{"id":1265,"date":"2025-04-04T09:59:12","date_gmt":"2025-04-04T12:59:12","guid":{"rendered":"https:\/\/uappi.com.br\/?page_id=1265"},"modified":"2026-02-20T20:42:07","modified_gmt":"2026-02-20T23:42:07","slug":"collab-cadastro","status":"publish","type":"page","link":"https:\/\/uappi.com.br\/pt\/collab-cadastro\/","title":{"rendered":"Collab Cadastro"},"content":{"rendered":"","protected":false},"excerpt":{"rendered":"","protected":false},"author":1,"featured_media":0,"parent":0,"menu_order":0,"comment_status":"closed","ping_status":"closed","template":"","meta":{"_acf_changed":false,"footnotes":""},"class_list":["post-1265","page","type-page","status-publish","hentry"],"acf":[],"yoast_head":"<!-- This site is optimized with the Yoast SEO plugin v27.3 - https:\/\/yoast.com\/product\/yoast-seo-wordpress\/ -->\n<title>Seja Parceiro Uappi | Cadastro no Programa Collab<\/title>\n<meta name=\"description\" content=\"Torne-se ag\u00eancia parceira da Uappi. Programa Collab com certifica\u00e7\u00e3o t\u00e9cnica, take rate recorrente e projetos B2B, B2C e B2B2C.\" \/>\n<meta name=\"robots\" content=\"index, follow, max-snippet:-1, max-image-preview:large, max-video-preview:-1\" \/>\n<link rel=\"canonical\" href=\"https:\/\/uappi.com.br\/pt\/collab-cadastro\/\" \/>\n<meta property=\"og:locale\" content=\"pt_PT\" \/>\n<meta property=\"og:type\" content=\"article\" \/>\n<meta property=\"og:title\" content=\"Seja Parceiro Uappi | Cadastro no Programa Collab\" \/>\n<meta property=\"og:description\" content=\"Torne-se ag\u00eancia parceira da Uappi. Programa Collab com certifica\u00e7\u00e3o t\u00e9cnica, take rate recorrente e projetos B2B, B2C e B2B2C.\" \/>\n<meta property=\"og:url\" content=\"https:\/\/uappi.com.br\/pt\/collab-cadastro\/\" \/>\n<meta property=\"og:site_name\" content=\"Uappi\" \/>\n<meta property=\"article:modified_time\" content=\"2026-02-20T23:42:07+00:00\" \/>\n<meta property=\"og:image\" content=\"https:\/\/uappi.com.br\/wp-content\/uploads\/2024\/07\/og.png\" \/>\n\t<meta property=\"og:image:width\" content=\"1200\" \/>\n\t<meta property=\"og:image:height\" content=\"630\" \/>\n\t<meta property=\"og:image:type\" content=\"image\/png\" \/>\n<meta name=\"twitter:card\" content=\"summary_large_image\" \/>\n<script type=\"application\/ld+json\" class=\"yoast-schema-graph\">{\"@context\":\"https:\\\/\\\/schema.org\",\"@graph\":[{\"@type\":\"WebPage\",\"@id\":\"https:\\\/\\\/uappi.com.br\\\/collab-cadastro\\\/\",\"url\":\"https:\\\/\\\/uappi.com.br\\\/collab-cadastro\\\/\",\"name\":\"Seja Parceiro Uappi | Cadastro no Programa Collab\",\"isPartOf\":{\"@id\":\"https:\\\/\\\/uappi.com.br\\\/#website\"},\"datePublished\":\"2025-04-04T12:59:12+00:00\",\"dateModified\":\"2026-02-20T23:42:07+00:00\",\"description\":\"Torne-se ag\u00eancia parceira da Uappi. Programa Collab com certifica\u00e7\u00e3o t\u00e9cnica, take rate recorrente e projetos B2B, B2C e B2B2C.\",\"breadcrumb\":{\"@id\":\"https:\\\/\\\/uappi.com.br\\\/collab-cadastro\\\/#breadcrumb\"},\"inLanguage\":\"pt-PT\",\"potentialAction\":[{\"@type\":\"ReadAction\",\"target\":[\"https:\\\/\\\/uappi.com.br\\\/collab-cadastro\\\/\"]}]},{\"@type\":\"BreadcrumbList\",\"@id\":\"https:\\\/\\\/uappi.com.br\\\/collab-cadastro\\\/#breadcrumb\",\"itemListElement\":[{\"@type\":\"ListItem\",\"position\":1,\"name\":\"In\u00edcio\",\"item\":\"https:\\\/\\\/uappi.com.br\\\/\"},{\"@type\":\"ListItem\",\"position\":2,\"name\":\"Collab Cadastro\"}]},{\"@type\":\"WebSite\",\"@id\":\"https:\\\/\\\/uappi.com.br\\\/#website\",\"url\":\"https:\\\/\\\/uappi.com.br\\\/\",\"name\":\"Uappi\",\"description\":\"Plataforma vers\u00e1til nos modelos, s\u00f3lida nos resultados.\",\"publisher\":{\"@id\":\"https:\\\/\\\/uappi.com.br\\\/#organization\"},\"alternateName\":\"Uappi\",\"potentialAction\":[{\"@type\":\"SearchAction\",\"target\":{\"@type\":\"EntryPoint\",\"urlTemplate\":\"https:\\\/\\\/uappi.com.br\\\/?s={search_term_string}\"},\"query-input\":{\"@type\":\"PropertyValueSpecification\",\"valueRequired\":true,\"valueName\":\"search_term_string\"}}],\"inLanguage\":\"pt-PT\"},{\"@type\":\"Organization\",\"@id\":\"https:\\\/\\\/uappi.com.br\\\/#organization\",\"name\":\"Uappi\",\"url\":\"https:\\\/\\\/uappi.com.br\\\/\",\"logo\":{\"@type\":\"ImageObject\",\"inLanguage\":\"pt-PT\",\"@id\":\"https:\\\/\\\/uappi.com.br\\\/#\\\/schema\\\/logo\\\/image\\\/\",\"url\":\"https:\\\/\\\/uappi.com.br\\\/wp-content\\\/uploads\\\/2024\\\/07\\\/og.png\",\"contentUrl\":\"https:\\\/\\\/uappi.com.br\\\/wp-content\\\/uploads\\\/2024\\\/07\\\/og.png\",\"width\":1200,\"height\":630,\"caption\":\"Uappi\"},\"image\":{\"@id\":\"https:\\\/\\\/uappi.com.br\\\/#\\\/schema\\\/logo\\\/image\\\/\"}}]}<\/script>\n<!-- \/ Yoast SEO plugin. -->","yoast_head_json":{"title":"Seja Parceiro Uappi | Cadastro no Programa Collab","description":"Torne-se ag\u00eancia parceira da Uappi. Programa Collab com certifica\u00e7\u00e3o t\u00e9cnica, take rate recorrente e projetos B2B, B2C e B2B2C.","robots":{"index":"index","follow":"follow","max-snippet":"max-snippet:-1","max-image-preview":"max-image-preview:large","max-video-preview":"max-video-preview:-1"},"canonical":"https:\/\/uappi.com.br\/pt\/collab-cadastro\/","og_locale":"pt_PT","og_type":"article","og_title":"Seja Parceiro Uappi | Cadastro no Programa Collab","og_description":"Torne-se ag\u00eancia parceira da Uappi. Programa Collab com certifica\u00e7\u00e3o t\u00e9cnica, take rate recorrente e projetos B2B, B2C e B2B2C.","og_url":"https:\/\/uappi.com.br\/pt\/collab-cadastro\/","og_site_name":"Uappi","article_modified_time":"2026-02-20T23:42:07+00:00","og_image":[{"width":1200,"height":630,"url":"https:\/\/uappi.com.br\/wp-content\/uploads\/2024\/07\/og.png","type":"image\/png"}],"twitter_card":"summary_large_image","schema":{"@context":"https:\/\/schema.org","@graph":[{"@type":"WebPage","@id":"https:\/\/uappi.com.br\/collab-cadastro\/","url":"https:\/\/uappi.com.br\/collab-cadastro\/","name":"Seja Parceiro Uappi | Cadastro no Programa Collab","isPartOf":{"@id":"https:\/\/uappi.com.br\/#website"},"datePublished":"2025-04-04T12:59:12+00:00","dateModified":"2026-02-20T23:42:07+00:00","description":"Torne-se ag\u00eancia parceira da Uappi. Programa Collab com certifica\u00e7\u00e3o t\u00e9cnica, take rate recorrente e projetos B2B, B2C e B2B2C.","breadcrumb":{"@id":"https:\/\/uappi.com.br\/collab-cadastro\/#breadcrumb"},"inLanguage":"pt-PT","potentialAction":[{"@type":"ReadAction","target":["https:\/\/uappi.com.br\/collab-cadastro\/"]}]},{"@type":"BreadcrumbList","@id":"https:\/\/uappi.com.br\/collab-cadastro\/#breadcrumb","itemListElement":[{"@type":"ListItem","position":1,"name":"In\u00edcio","item":"https:\/\/uappi.com.br\/"},{"@type":"ListItem","position":2,"name":"Collab Cadastro"}]},{"@type":"WebSite","@id":"https:\/\/uappi.com.br\/#website","url":"https:\/\/uappi.com.br\/","name":"Uappi","description":"Plataforma vers\u00e1til nos modelos, s\u00f3lida nos resultados.","publisher":{"@id":"https:\/\/uappi.com.br\/#organization"},"alternateName":"Uappi","potentialAction":[{"@type":"SearchAction","target":{"@type":"EntryPoint","urlTemplate":"https:\/\/uappi.com.br\/?s={search_term_string}"},"query-input":{"@type":"PropertyValueSpecification","valueRequired":true,"valueName":"search_term_string"}}],"inLanguage":"pt-PT"},{"@type":"Organization","@id":"https:\/\/uappi.com.br\/#organization","name":"Uappi","url":"https:\/\/uappi.com.br\/","logo":{"@type":"ImageObject","inLanguage":"pt-PT","@id":"https:\/\/uappi.com.br\/#\/schema\/logo\/image\/","url":"https:\/\/uappi.com.br\/wp-content\/uploads\/2024\/07\/og.png","contentUrl":"https:\/\/uappi.com.br\/wp-content\/uploads\/2024\/07\/og.png","width":1200,"height":630,"caption":"Uappi"},"image":{"@id":"https:\/\/uappi.com.br\/#\/schema\/logo\/image\/"}}]}},"_links":{"self":[{"href":"https:\/\/uappi.com.br\/pt\/wp-json\/wp\/v2\/pages\/1265","targetHints":{"allow":["GET"]}}],"collection":[{"href":"https:\/\/uappi.com.br\/pt\/wp-json\/wp\/v2\/pages"}],"about":[{"href":"https:\/\/uappi.com.br\/pt\/wp-json\/wp\/v2\/types\/page"}],"author":[{"embeddable":true,"href":"https:\/\/uappi.com.br\/pt\/wp-json\/wp\/v2\/users\/1"}],"replies":[{"embeddable":true,"href":"https:\/\/uappi.com.br\/pt\/wp-json\/wp\/v2\/comments?post=1265"}],"version-history":[{"count":9,"href":"https:\/\/uappi.com.br\/pt\/wp-json\/wp\/v2\/pages\/1265\/revisions"}],"predecessor-version":[{"id":2483,"href":"https:\/\/uappi.com.br\/pt\/wp-json\/wp\/v2\/pages\/1265\/revisions\/2483"}],"wp:attachment":[{"href":"https:\/\/uappi.com.br\/pt\/wp-json\/wp\/v2\/media?parent=1265"}],"curies":[{"name":"wp","href":"https:\/\/api.w.org\/{rel}","templated":true}]}}