{"id":3,"date":"2024-07-11T11:27:46","date_gmt":"2024-07-11T14:27:46","guid":{"rendered":"https:\/\/uappi.com.br\/?page_id=3"},"modified":"2025-10-30T10:14:06","modified_gmt":"2025-10-30T13:14:06","slug":"privacidade","status":"publish","type":"page","link":"https:\/\/uappi.com.br\/pt\/privacidade\/","title":{"rendered":"Pol\u00edtica de privacidade"},"content":{"rendered":"<h1>Pol\u00edtica de Privacidade<\/h1>\n<p>A presente Pol\u00edtica de Privacidade destina-se a ajudar o usu\u00e1rio a entender como n\u00f3s usamos, compartilhamos e protegemos as informa\u00e7\u00f5es em nossos softwares. Assim, \u00e9 importante que o usu\u00e1rio leia com aten\u00e7\u00e3o.<\/p>\n<p>Os softwares da uappi\u00ae e well.commerce\u00ae s\u00e3o de propriedade exclusiva da WSTORE TECNOLOGIA S.A., inscrita no CNPJ sob o n\u00ba 10.831.068\/0001-76, com sede na Rua Nilo Pe\u00e7anha, n\u00ba 507 &#8211; salas 9 e 10 &#8211; Centro, na cidade de Birigui, estado de S\u00e3o Paulo.<\/p>\n<p>A WSTORE TECNOLOGIA S.A. tem um compromisso com a seguran\u00e7a e a privacidade das informa\u00e7\u00f5es de seus usu\u00e1rios, garantindo que as informa\u00e7\u00f5es armazenadas ser\u00e3o protegidas e n\u00e3o ser\u00e3o publicadas ou comercializadas em quaisquer circunst\u00e2ncias, ou seja, suas informa\u00e7\u00f5es estar\u00e3o seguras conosco e n\u00e3o ser\u00e3o transmitidas indevidamente a terceiros. A seguran\u00e7a de seus dados \u00e9 muito importante para n\u00f3s, por isso foram adotadas medidas t\u00e9cnicas e organizacionais de acordo com as regras estabelecidas para a seguran\u00e7a dos dados pessoais a fim de evitar o tratamento n\u00e3o autorizado ou ilegal, e contra qualquer perda, destrui\u00e7\u00e3o, roubo, dano, altera\u00e7\u00e3o, manipula\u00e7\u00e3o ou intercepta\u00e7\u00e3o e\/ou divulga\u00e7\u00e3o acidental, tendo em vista a natureza dos dados armazenados e os riscos a que est\u00e3o expostas.<\/p>\n<p>O sistema possui prote\u00e7\u00e3o de criptografia de dados para as senhas dos usu\u00e1rios. O usu\u00e1rio est\u00e1 ciente que os softwares coletam os dados pessoais dos usu\u00e1rios com o objetivo de promover e operacionalizar a transa\u00e7\u00e3o dos pedidos entre consumidor e lojista.<\/p>\n<p>Nossa empresa assume o compromisso e a responsabilidade de respeitar e observar a Lei Geral de Prote\u00e7\u00e3o de Dados (Lei n. 13.709\/18) e demais leis aplic\u00e1veis, garantindo e resguardando o seu direito \u00e0 privacidade.<\/p>\n<p>Nesta pol\u00edtica de privacidade (\u201cPol\u00edtica\u201d), informamos a voc\u00ea (\u201cUsu\u00e1rio\u201d), com clareza e transpar\u00eancia, sobre os meios de coleta, utiliza\u00e7\u00e3o, finalidades e tratamento dos seus dados pessoais.<\/p>\n<p>Os dados pessoais dos clientes do Usu\u00e1rio ser\u00e3o tratados pela WSTORE TECNOLOGIA S.A., a qual define como Processadora de Dados (\u201coperadora de dados\u201d), e o Usu\u00e1rio como Controlador de Dados, em conformidade com a Lei Geral de Prote\u00e7\u00e3o de Dados n\u00b0 13.709\/18 (doravante denominada \u201cLGPD&#8221;) e a legisla\u00e7\u00e3o aplic\u00e1vel sobre prote\u00e7\u00e3o de dados pessoais.<\/p>\n<h2>Sobre a coleta de dados pessoais<\/h2>\n<p>Consideram-se dados pessoais toda informa\u00e7\u00e3o relativa \u00e0s pessoas, que possa ser identificada, direta ou indiretamente, por meio de informa\u00e7\u00f5es como: nome, CPF, fun\u00e7\u00e3o ou cargo, dados de localiza\u00e7\u00e3o, endere\u00e7o de e-mail, endere\u00e7o IP, n\u00famero de telefone m\u00f3vel, whatsapp.<\/p>\n<p>Os dados solicitados do usu\u00e1rio nos nossos softwares s\u00e3o:<\/p>\n<ol>\n<li>a) Lojista: nome, e-mail e telefone;<\/li>\n<li>b) Consumidor: Nome, e-mail, CPF, telefone, endere\u00e7o completo e produtos comprados.<\/li>\n<\/ol>\n<h2>Da Finalidade e Tratamento dos Dados Pessoais Coletados<\/h2>\n<p>Os dados pessoais poder\u00e3o ser utilizados para contatar o usu\u00e1rio para oferta de produtos\/servi\u00e7os de seu interesse e que estejam diretamente relacionados com a utiliza\u00e7\u00e3o deste software.<\/p>\n<p>Al\u00e9m dos dados pessoais informados, o software poder\u00e1 coletar dados por outros meios, como os cookies. Qualquer uso de cookies ou mesmo de outras ferramentas de rastreamento pelo aplicativo servem para identificar os usu\u00e1rios e lembrar as suas prefer\u00eancias, com o \u00fanico prop\u00f3sito de fornecer os servi\u00e7os por eles requeridos.<\/p>\n<p>Os dados do consumidor tamb\u00e9m poder\u00e3o ser compartilhados com terceiros pelo nosso software a fim de cumprir o prop\u00f3sito da sua ferramenta, que \u00e9 o de vendas on-line, dessa forma, dados como nome, CPF, endere\u00e7o completo, telefone , e-mail, e produto comprado poder\u00e3o ser compartilhados com empresas terceiras como: ERPs para fins de emiss\u00e3o de nota fiscal, transportadoras para fins de efeito log\u00edstico, ferramentas antifraude para fins de an\u00e1lise de fraude, CRM\u2019s para fins de relacionamento com cliente e demais ferramentas que o lojista integre por meio da nossa API e informe nas suas pol\u00edticas comerciais e pol\u00edticas de privacidade.<\/p>\n<h2>Armazenamento internacional de dados<\/h2>\n<p>Como a internet \u00e9 um ambiente global, determinados servi\u00e7os podem demandar a transfer\u00eancia dos seus dados para outros pa\u00edses.<\/p>\n<p>Os dados coletados ser\u00e3o armazenados em servidores alocados fora do pa\u00eds, podendo utilizar outros recursos e servi\u00e7os na nuvem, o que possibilita a transfer\u00eancia e o tratamento dos dados no exterior, por\u00e9m, s\u00e3o rigorosamente tratados de acordo com o art. 33 da LGPD (Lei Geral de Prote\u00e7\u00e3o de Dados) e demais legisla\u00e7\u00f5es internacionais, mantendo os mesmos padr\u00f5es de seguran\u00e7a e privacidade do Brasil.<\/p>\n<p>Tomamos todas as medidas de seguran\u00e7a de acordo com nossas pol\u00edticas e adotamos cl\u00e1usulas-padr\u00e3o nos contratos com esses prestadores de servi\u00e7os, sendo eles devidamente certificados, com c\u00f3digos de conduta de privacidade compat\u00edveis com o Brasil, e somente com pa\u00edses que proporcionam um alto grau de prote\u00e7\u00e3o, adequado ao previsto na Lei;<\/p>\n<p>Ao navegar em nossos sites, aplicativos e comprar em nossas lojas, voc\u00ea concorda com o tratamento de suas informa\u00e7\u00f5es, inclusive a transfer\u00eancia e armazenamento internacional dos seus dados. Adotamos medidas para garantir que quaisquer informa\u00e7\u00f5es coletadas sejam tratadas com seguran\u00e7a, conforme os padr\u00f5es de prote\u00e7\u00e3o de dados e de acordo com esta Pol\u00edtica de Privacidade.<\/p>\n<h2>Acesso aos dados pessoais por meio dos nossos softwares<\/h2>\n<p>Cabe aos usu\u00e1rios dos nossos softwares o uso desses dados para gest\u00e3o das opera\u00e7\u00f5es de e-commerce ao qual o software foi destinado, bem como o uso de boa-f\u00e9 desses dados, n\u00e3o oferecendo risco \u00e0 privacidade do consumidor, e se responsabilizando por qualquer dano causado em detrimento do mau uso dessas informa\u00e7\u00f5es.<\/p>\n<p>Os usu\u00e1rios dos nossos softwares (lojista) t\u00eam acesso aos dados pessoais do consumidor cadastrado no software, por\u00e9m com ci\u00eancia de que toda visualiza\u00e7\u00e3o, adi\u00e7\u00e3o, altera\u00e7\u00e3o, exclus\u00e3o ou exporta\u00e7\u00e3o de dados pessoais ser\u00e3o registrados em logs (registro do sistema) dentro do software e poder\u00e3o ser consultados pelos n\u00edveis hier\u00e1rquicos superiores na empresa.<\/p>\n<h2>Pol\u00edtica de cookies<\/h2>\n<p>Cookies s\u00e3o sistemas utilizados em determinados sites, que armazenam informa\u00e7\u00f5es quando voc\u00ea os visita, tais como local de acesso, n\u00famero de visitas, idioma, IP, entre outros. Isso permite que o site apresente m\u00e9tricas e pesquisas a respeito dos usu\u00e1rios.<\/p>\n<p>Quando voc\u00ea visita nossos softwares, \u00e9 inserido um \u2018cookie\u2019 no seu navegador por meio de softwares como Google Analytics, facebook, hotjar, navegg, e outros para identificar quantas vezes voc\u00ea retorna ao nosso endere\u00e7o. S\u00e3o coletadas, anonimamente, informa\u00e7\u00f5es, como endere\u00e7o IP, localiza\u00e7\u00e3o geogr\u00e1fica, g\u00eanero, faixa et\u00e1ria, fonte de refer\u00eancia, tipo de navegador, dura\u00e7\u00e3o da visita e p\u00e1ginas visitadas.<\/p>\n<p>Os cookies podem ser divididos de acordo com a informa\u00e7\u00e3o que armazenam e sua finalidade, a saber:<\/p>\n<ol>\n<li>Cookies necess\u00e1rios: S\u00e3o essenciais para que o software carregue corretamente e permita que voc\u00ea navegue normalmente, bem como fa\u00e7a o uso de todas as funcionalidades dispon\u00edveis.<\/li>\n<li>Cookies de Desempenho: Ajudam a entender como os visitantes interagem com o software, fornecendo informa\u00e7\u00f5es sobre as \u00e1reas visitadas, o tempo de visita ao site e quaisquer problemas encontrados, como mensagens de erro.<\/li>\n<li>Cookies Funcionais: Permitem que a p\u00e1gina se lembre de suas escolhas, para proporcionar uma experi\u00eancia personalizada. Possibilitam que os Usu\u00e1rios assistam a v\u00eddeos, utilizem ferramentas sociais, campos para coment\u00e1rios, f\u00f3runs, dentre outros.<\/li>\n<li>Cookies de Marketing: S\u00e3o utilizados para fornecer mais conte\u00fado relevante e do interesse dos Usu\u00e1rios. Podem ser utilizados para apresentar publicidade com um maior direcionamento ou limitar o n\u00famero que esta \u00e9 veiculada, tamb\u00e9m permitem a medi\u00e7\u00e3o da efic\u00e1cia de uma campanha publicit\u00e1ria lan\u00e7ada.<\/li>\n<\/ol>\n<h2>Da Rela\u00e7\u00e3o com o Usu\u00e1rio<\/h2>\n<p>Ao fornecer seu e-mail, mediante consentimento informado, para cadastro no software o usu\u00e1rio ser\u00e1 adicionado \u00e0 lista de clientes para envio de mensagens com informa\u00e7\u00f5es comerciais, treinamentos ou promocionais que se relacionem especificamente ao produto\/servi\u00e7o oferecido.<\/p>\n<p>Os dados pessoais coletados poder\u00e3o ser\u00e3o compartilhados com ferramentas de terceiros para fins de comunica\u00e7\u00e3o de marketing, promo\u00e7\u00f5es e descontos, mediante solicita\u00e7\u00e3o do Controlador.<\/p>\n<p>Os dados pessoais dos usu\u00e1rios podem ser utilizados para fins jur\u00eddicos quando demandado em ju\u00edzo ou quando necess\u00e1rio para ajuizamento de poss\u00edvel a\u00e7\u00e3o jur\u00eddica decorrente de uso indevido deste servi\u00e7o ou de servi\u00e7os a ele relacionados. E poder\u00e1 ainda revelar os dados pessoais mediante solicita\u00e7\u00e3o do poder p\u00fablico ou para cumprimento de obriga\u00e7\u00e3o legal.<\/p>\n<p>Os dados pessoais poder\u00e3o ser compartilhados para estabelecer, exercer ou defender nossos direitos legais, incluindo o fornecimento de informa\u00e7\u00f5es a terceiros para fins de preven\u00e7\u00e3o de fraudes e redu\u00e7\u00e3o de risco de cr\u00e9dito.<\/p>\n<p>O presente software e quaisquer servi\u00e7os de terceiros poder\u00e3o coletar arquivos que gravam a intera\u00e7\u00e3o com este site (logs, registro do sistema) ou outros dados pessoais, tais como o endere\u00e7o IP (endere\u00e7o de protocolo de internet que identifica um computador) ou ID (identidade) do usu\u00e1rio, para manuten\u00e7\u00e3o do aparelho ou outra forma de opera\u00e7\u00e3o que se fa\u00e7a necess\u00e1ria \u00e0 sua atualiza\u00e7\u00e3o e funcionamento.<\/p>\n<p>Os dados coletados ser\u00e3o tratados sem prazo determinado, sendo poss\u00edvel exclus\u00e3o e valida\u00e7\u00e3o da titularidade mediante solicita\u00e7\u00e3o ao encarregado de dados, salvo se houver base legal v\u00e1lida e espec\u00edfica para manuten\u00e7\u00e3o de determinadas informa\u00e7\u00f5es, na forma da Lei Geral de Prote\u00e7\u00e3o de Dados.<\/p>\n<h2><strong>Do Encarregado da Prote\u00e7\u00e3o de Dados<\/strong><\/h2>\n<p>Podemos ser contatados, atrav\u00e9s do Encarregado de Dados (DPO) respons\u00e1vel:<\/p>\n<p>Nome: William Silva da Costa<\/p>\n<p>E-mail: william@uappi.com.br<\/p>\n<p>Em caso de viola\u00e7\u00e3o e incidente de seguran\u00e7a que possa acarretar risco ou dano relevante aos titulares, a Autoridade Nacional de Prote\u00e7\u00e3o de Dados (ANPD), o controlador e o titular dos dados ser\u00e3o notificados, de acordo com o Plano de resposta \u00e0 incidentes.<\/p>\n<h2><strong>Dos Direitos do Titular de Dados<\/strong><\/h2>\n<p>Em atendimento ao previsto no artigo 18 da Lei n.13.709\/2018, o titular de dados pessoais coletados pelo controlador via este aplicativo poder\u00e1 a qualquer momento e mediante requisi\u00e7\u00e3o obter:<\/p>\n<p>I &#8211; Confirma\u00e7\u00e3o da exist\u00eancia de tratamento;<\/p>\n<p>II &#8211; Acesso aos dados;<\/p>\n<p>III &#8211; Corre\u00e7\u00e3o de dados incompletos, inexatos ou desatualizados;<\/p>\n<p>IV &#8211; Anonimiza\u00e7\u00e3o, bloqueio ou elimina\u00e7\u00e3o de dados desnecess\u00e1rios, excessivos, ou tratados em desconformidade com o disposto na legisla\u00e7\u00e3o vigente;<\/p>\n<p>V &#8211; Portabilidade dos dados a outro fornecedor de servi\u00e7os ou produto, mediante requisi\u00e7\u00e3o expressa e resguardados os segredos comercial e industrial, de acordo com a regulamenta\u00e7\u00e3o dos \u00f3rg\u00e3os competentes;<\/p>\n<p>VI &#8211; Elimina\u00e7\u00e3o dos dados pessoais tratados com o consentimento do titular, exceto nas hip\u00f3teses previstas no art.16 Lei n.13709\/2018;<\/p>\n<p>VII &#8211; Informa\u00e7\u00e3o das entidades p\u00fablicas e privadas com os quais o controlador realizou uso compartilhado de dados;<\/p>\n<p>VIII &#8211; Informa\u00e7\u00e3o sobre a possibilidade de n\u00e3o fornecer consentimento e sobre as consequ\u00eancias da negativa;<\/p>\n<p>IX &#8211; Revoga\u00e7\u00e3o do consentimento, nos termos do \u00a7 5\u00ba do art.8 da Lei 13\/709\/2018.<\/p>\n<h2><strong>Sobre o cancelamento e exclus\u00e3o de informa\u00e7\u00f5es pessoais<\/strong><\/h2>\n<p>Voc\u00ea sempre pode optar por n\u00e3o receber mais qualquer tipo de e-mail da WSTORE TECNOLOGIA S.A., desta forma, poder\u00e1 buscar o campo \u201cDescadastrar-se\u201d junto aos e-mails recebidos para que a atividade possa ser encerrada pela organiza\u00e7\u00e3o. Para alterar suas informa\u00e7\u00f5es pessoais ou mesmo exclu\u00ed-las do nosso banco de dados, basta enviar um e-mail com solicita\u00e7\u00e3o para o Encarregado de Dados (DPO).<\/p>\n<h2><strong>Das altera\u00e7\u00f5es na Pol\u00edtica de Privacidade<\/strong><\/h2>\n<p>A Pol\u00edtica de Privacidade aqui estabelecida, tem validade indeterminada. A WSTORE TECNOLOGIA S.A. se reserva o direito de modificar estes documentos a qualquer momento, especialmente para melhor adequa\u00e7\u00e3o \u00e0 legisla\u00e7\u00e3o vigente e adapt\u00e1-los \u00e0s evolu\u00e7\u00f5es dos servi\u00e7os, seja pela disponibiliza\u00e7\u00e3o de novas funcionalidades, seja pela supress\u00e3o ou modifica\u00e7\u00e3o daquelas j\u00e1 existentes, o que ser\u00e1 feito mediante comunica\u00e7\u00e3o aos usu\u00e1rios nesta p\u00e1gina, sendo-lhes requerido novo consentimento. Qualquer altera\u00e7\u00e3o e\/ou atualiza\u00e7\u00e3o deste termo passar\u00e1 a vigorar a partir da data de sua publica\u00e7\u00e3o neste s\u00edtio e dever\u00e1 ser observada pelos Usu\u00e1rios.<\/p>\n<p>Esta Pol\u00edtica de Privacidade poder\u00e1 sofrer altera\u00e7\u00f5es a qualquer momento, o que ser\u00e1 feito mediante comunica\u00e7\u00e3o aos usu\u00e1rios nesta p\u00e1gina, sendo-lhes requerido novo consentimento. Recomenda-se que a Pol\u00edtica de Privacidade seja consultada com frequ\u00eancia.<\/p>\n<p>Em caso de discord\u00e2ncia com qualquer das altera\u00e7\u00f5es, o usu\u00e1rio deve cessar o uso deste servi\u00e7o solicitando a exclus\u00e3o de seus dados pessoais, por meio do contato junto ao Encarregado de Dados respons\u00e1vel.<\/p>\n<h2><strong>Das Disposi\u00e7\u00f5es Finais e Consentimento Livre e Esclarecido<\/strong><\/h2>\n<p>Ciente de todas as implica\u00e7\u00f5es poss\u00edveis que decorrer\u00e3o do tratamento dos seus dados pessoais, ao prosseguir clicando no ACEITAR o usu\u00e1rio estar\u00e1 fornecendo seu consentimento livre e esclarecido para o tratamento de seus dados pessoais tendo em vista as finalidades espec\u00edficas contidas nesta Pol\u00edtica de Privacidade.<\/p>\n<p>Esta Pol\u00edtica de Privacidade foi elaborada em conformidade com o previsto na Lei Geral de Prote\u00e7\u00e3o de Dados Pessoais &#8211; Lei n\u00ba 13.709\/2018.<\/p>","protected":false},"excerpt":{"rendered":"<p>Pol\u00edtica de Privacidade A presente Pol\u00edtica de Privacidade destina-se a ajudar o usu\u00e1rio a entender como n\u00f3s usamos, compartilhamos e protegemos as informa\u00e7\u00f5es em nossos softwares. Assim, \u00e9 importante que o usu\u00e1rio leia com aten\u00e7\u00e3o. Os softwares da uappi\u00ae e well.commerce\u00ae s\u00e3o de propriedade exclusiva da WSTORE TECNOLOGIA S.A., inscrita no CNPJ sob o n\u00ba&#8230;<\/p>","protected":false},"author":1,"featured_media":0,"parent":0,"menu_order":0,"comment_status":"closed","ping_status":"closed","template":"","meta":{"_acf_changed":false,"footnotes":""},"class_list":["post-3","page","type-page","status-publish","hentry"],"acf":[],"yoast_head":"<!-- This site is optimized with the Yoast SEO plugin v27.4 - https:\/\/yoast.com\/product\/yoast-seo-wordpress\/ -->\n<title>Pol\u00edtica de privacidade Uappi | Compromisso com seus dados<\/title>\n<meta name=\"description\" content=\"Conhe\u00e7a nossa pol\u00edtica de privacidade e entenda como protegemos seus dados pessoais com responsabilidade e transpar\u00eancia.\" \/>\n<meta name=\"robots\" content=\"index, follow, max-snippet:-1, max-image-preview:large, max-video-preview:-1\" \/>\n<link rel=\"canonical\" href=\"https:\/\/uappi.com.br\/pt\/privacidade\/\" \/>\n<meta property=\"og:locale\" content=\"pt_PT\" \/>\n<meta property=\"og:type\" content=\"article\" \/>\n<meta property=\"og:title\" content=\"Pol\u00edtica de privacidade Uappi | Compromisso com seus dados\" \/>\n<meta property=\"og:description\" content=\"Conhe\u00e7a nossa pol\u00edtica de privacidade e entenda como protegemos seus dados pessoais com responsabilidade e transpar\u00eancia.\" \/>\n<meta property=\"og:url\" content=\"https:\/\/uappi.com.br\/pt\/privacidade\/\" \/>\n<meta property=\"og:site_name\" content=\"Uappi\" \/>\n<meta property=\"article:modified_time\" content=\"2025-10-30T13:14:06+00:00\" \/>\n<meta property=\"og:image\" content=\"https:\/\/uappi.com.br\/wp-content\/uploads\/2024\/07\/og.png\" \/>\n\t<meta property=\"og:image:width\" content=\"1200\" \/>\n\t<meta property=\"og:image:height\" content=\"630\" \/>\n\t<meta property=\"og:image:type\" content=\"image\/png\" \/>\n<meta name=\"twitter:card\" content=\"summary_large_image\" \/>\n<meta name=\"twitter:label1\" content=\"Tempo estimado de leitura\" \/>\n\t<meta name=\"twitter:data1\" content=\"11 minutos\" \/>\n<script type=\"application\/ld+json\" class=\"yoast-schema-graph\">{\"@context\":\"https:\\\/\\\/schema.org\",\"@graph\":[{\"@type\":\"WebPage\",\"@id\":\"https:\\\/\\\/uappi.com.br\\\/privacidade\\\/\",\"url\":\"https:\\\/\\\/uappi.com.br\\\/privacidade\\\/\",\"name\":\"Pol\u00edtica de privacidade Uappi | Compromisso com seus dados\",\"isPartOf\":{\"@id\":\"https:\\\/\\\/uappi.com.br\\\/#website\"},\"datePublished\":\"2024-07-11T14:27:46+00:00\",\"dateModified\":\"2025-10-30T13:14:06+00:00\",\"description\":\"Conhe\u00e7a nossa pol\u00edtica de privacidade e entenda como protegemos seus dados pessoais com responsabilidade e transpar\u00eancia.\",\"breadcrumb\":{\"@id\":\"https:\\\/\\\/uappi.com.br\\\/privacidade\\\/#breadcrumb\"},\"inLanguage\":\"pt-PT\",\"potentialAction\":[{\"@type\":\"ReadAction\",\"target\":[\"https:\\\/\\\/uappi.com.br\\\/privacidade\\\/\"]}]},{\"@type\":\"BreadcrumbList\",\"@id\":\"https:\\\/\\\/uappi.com.br\\\/privacidade\\\/#breadcrumb\",\"itemListElement\":[{\"@type\":\"ListItem\",\"position\":1,\"name\":\"In\u00edcio\",\"item\":\"https:\\\/\\\/uappi.com.br\\\/\"},{\"@type\":\"ListItem\",\"position\":2,\"name\":\"Pol\u00edtica de privacidade\"}]},{\"@type\":\"WebSite\",\"@id\":\"https:\\\/\\\/uappi.com.br\\\/#website\",\"url\":\"https:\\\/\\\/uappi.com.br\\\/\",\"name\":\"Uappi\",\"description\":\"Plataforma vers\u00e1til nos modelos, s\u00f3lida nos resultados.\",\"publisher\":{\"@id\":\"https:\\\/\\\/uappi.com.br\\\/#organization\"},\"alternateName\":\"Uappi\",\"potentialAction\":[{\"@type\":\"SearchAction\",\"target\":{\"@type\":\"EntryPoint\",\"urlTemplate\":\"https:\\\/\\\/uappi.com.br\\\/?s={search_term_string}\"},\"query-input\":{\"@type\":\"PropertyValueSpecification\",\"valueRequired\":true,\"valueName\":\"search_term_string\"}}],\"inLanguage\":\"pt-PT\"},{\"@type\":\"Organization\",\"@id\":\"https:\\\/\\\/uappi.com.br\\\/#organization\",\"name\":\"Uappi\",\"url\":\"https:\\\/\\\/uappi.com.br\\\/\",\"logo\":{\"@type\":\"ImageObject\",\"inLanguage\":\"pt-PT\",\"@id\":\"https:\\\/\\\/uappi.com.br\\\/#\\\/schema\\\/logo\\\/image\\\/\",\"url\":\"https:\\\/\\\/uappi.com.br\\\/wp-content\\\/uploads\\\/2024\\\/07\\\/og.png\",\"contentUrl\":\"https:\\\/\\\/uappi.com.br\\\/wp-content\\\/uploads\\\/2024\\\/07\\\/og.png\",\"width\":1200,\"height\":630,\"caption\":\"Uappi\"},\"image\":{\"@id\":\"https:\\\/\\\/uappi.com.br\\\/#\\\/schema\\\/logo\\\/image\\\/\"}}]}<\/script>\n<!-- \/ Yoast SEO plugin. -->","yoast_head_json":{"title":"Pol\u00edtica de privacidade Uappi | Compromisso com seus dados","description":"Conhe\u00e7a nossa pol\u00edtica de privacidade e entenda como protegemos seus dados pessoais com responsabilidade e transpar\u00eancia.","robots":{"index":"index","follow":"follow","max-snippet":"max-snippet:-1","max-image-preview":"max-image-preview:large","max-video-preview":"max-video-preview:-1"},"canonical":"https:\/\/uappi.com.br\/pt\/privacidade\/","og_locale":"pt_PT","og_type":"article","og_title":"Pol\u00edtica de privacidade Uappi | Compromisso com seus dados","og_description":"Conhe\u00e7a nossa pol\u00edtica de privacidade e entenda como protegemos seus dados pessoais com responsabilidade e transpar\u00eancia.","og_url":"https:\/\/uappi.com.br\/pt\/privacidade\/","og_site_name":"Uappi","article_modified_time":"2025-10-30T13:14:06+00:00","og_image":[{"width":1200,"height":630,"url":"https:\/\/uappi.com.br\/wp-content\/uploads\/2024\/07\/og.png","type":"image\/png"}],"twitter_card":"summary_large_image","twitter_misc":{"Tempo estimado de leitura":"11 minutos"},"schema":{"@context":"https:\/\/schema.org","@graph":[{"@type":"WebPage","@id":"https:\/\/uappi.com.br\/privacidade\/","url":"https:\/\/uappi.com.br\/privacidade\/","name":"Pol\u00edtica de privacidade Uappi | Compromisso com seus dados","isPartOf":{"@id":"https:\/\/uappi.com.br\/#website"},"datePublished":"2024-07-11T14:27:46+00:00","dateModified":"2025-10-30T13:14:06+00:00","description":"Conhe\u00e7a nossa pol\u00edtica de privacidade e entenda como protegemos seus dados pessoais com responsabilidade e transpar\u00eancia.","breadcrumb":{"@id":"https:\/\/uappi.com.br\/privacidade\/#breadcrumb"},"inLanguage":"pt-PT","potentialAction":[{"@type":"ReadAction","target":["https:\/\/uappi.com.br\/privacidade\/"]}]},{"@type":"BreadcrumbList","@id":"https:\/\/uappi.com.br\/privacidade\/#breadcrumb","itemListElement":[{"@type":"ListItem","position":1,"name":"In\u00edcio","item":"https:\/\/uappi.com.br\/"},{"@type":"ListItem","position":2,"name":"Pol\u00edtica de privacidade"}]},{"@type":"WebSite","@id":"https:\/\/uappi.com.br\/#website","url":"https:\/\/uappi.com.br\/","name":"Uappi","description":"Plataforma vers\u00e1til nos modelos, s\u00f3lida nos resultados.","publisher":{"@id":"https:\/\/uappi.com.br\/#organization"},"alternateName":"Uappi","potentialAction":[{"@type":"SearchAction","target":{"@type":"EntryPoint","urlTemplate":"https:\/\/uappi.com.br\/?s={search_term_string}"},"query-input":{"@type":"PropertyValueSpecification","valueRequired":true,"valueName":"search_term_string"}}],"inLanguage":"pt-PT"},{"@type":"Organization","@id":"https:\/\/uappi.com.br\/#organization","name":"Uappi","url":"https:\/\/uappi.com.br\/","logo":{"@type":"ImageObject","inLanguage":"pt-PT","@id":"https:\/\/uappi.com.br\/#\/schema\/logo\/image\/","url":"https:\/\/uappi.com.br\/wp-content\/uploads\/2024\/07\/og.png","contentUrl":"https:\/\/uappi.com.br\/wp-content\/uploads\/2024\/07\/og.png","width":1200,"height":630,"caption":"Uappi"},"image":{"@id":"https:\/\/uappi.com.br\/#\/schema\/logo\/image\/"}}]}},"_links":{"self":[{"href":"https:\/\/uappi.com.br\/pt\/wp-json\/wp\/v2\/pages\/3","targetHints":{"allow":["GET"]}}],"collection":[{"href":"https:\/\/uappi.com.br\/pt\/wp-json\/wp\/v2\/pages"}],"about":[{"href":"https:\/\/uappi.com.br\/pt\/wp-json\/wp\/v2\/types\/page"}],"author":[{"embeddable":true,"href":"https:\/\/uappi.com.br\/pt\/wp-json\/wp\/v2\/users\/1"}],"replies":[{"embeddable":true,"href":"https:\/\/uappi.com.br\/pt\/wp-json\/wp\/v2\/comments?post=3"}],"version-history":[{"count":11,"href":"https:\/\/uappi.com.br\/pt\/wp-json\/wp\/v2\/pages\/3\/revisions"}],"predecessor-version":[{"id":2057,"href":"https:\/\/uappi.com.br\/pt\/wp-json\/wp\/v2\/pages\/3\/revisions\/2057"}],"wp:attachment":[{"href":"https:\/\/uappi.com.br\/pt\/wp-json\/wp\/v2\/media?parent=3"}],"curies":[{"name":"wp","href":"https:\/\/api.w.org\/{rel}","templated":true}]}}